{"id":10274,"date":"2023-05-04T17:53:56","date_gmt":"2023-05-04T17:53:56","guid":{"rendered":"https:\/\/internationalwinemore.com\/?page_id=10274"},"modified":"2023-06-29T01:03:40","modified_gmt":"2023-06-29T01:03:40","slug":"nosotros","status":"publish","type":"page","link":"http:\/\/internationalwinemore.com\/en\/nosotros\/","title":{"rendered":"About Us"},"content":{"rendered":"<div data-elementor-type=\"wp-page\" data-elementor-id=\"10274\" class=\"elementor elementor-10274\" data-elementor-post-type=\"page\">\n\t\t\t\t\t\t<section class=\"elementor-section elementor-top-section elementor-element elementor-element-02f21f3 elementor-section-full_width qodef-elementor-content-grid elementor-section-height-default elementor-section-height-default\" data-id=\"02f21f3\" data-element_type=\"section\" data-e-type=\"section\">\n\t\t\t\t\t\t<div class=\"elementor-container elementor-column-gap-default\">\n\t\t\t\t\t<div class=\"elementor-column elementor-col-100 elementor-top-column elementor-element elementor-element-fec6a9e\" data-id=\"fec6a9e\" data-element_type=\"column\" data-e-type=\"column\">\n\t\t\t<div class=\"elementor-widget-wrap elementor-element-populated\">\n\t\t\t\t\t\t<div class=\"elementor-element elementor-element-fa2afa0 elementor-widget elementor-widget-image\" data-id=\"fa2afa0\" data-element_type=\"widget\" data-e-type=\"widget\" data-widget_type=\"image.default\">\n\t\t\t\t<div class=\"elementor-widget-container\">\n\t\t\t\t\t\t\t\t\t\t\t\t\t\t\t<img fetchpriority=\"high\" decoding=\"async\" width=\"400\" height=\"302\" src=\"https:\/\/internationalwinemore.com\/wp-content\/uploads\/2023\/04\/Logo-Original-Ilustrator.png\" class=\"attachment-large size-large wp-image-10273\" alt=\"\" srcset=\"https:\/\/internationalwinemore.com\/wp-content\/uploads\/2023\/04\/Logo-Original-Ilustrator.png 400w, https:\/\/internationalwinemore.com\/wp-content\/uploads\/2023\/04\/Logo-Original-Ilustrator-300x227.png 300w\" sizes=\"(max-width: 400px) 100vw, 400px\" \/>\t\t\t\t\t\t\t\t\t\t\t\t\t\t\t<\/div>\n\t\t\t\t<\/div>\n\t\t\t\t<div class=\"elementor-element elementor-element-971ccc1 elementor-widget-tablet__width-inherit elementor-widget elementor-widget-text-editor\" data-id=\"971ccc1\" data-element_type=\"widget\" data-e-type=\"widget\" data-widget_type=\"text-editor.default\">\n\t\t\t\t<div class=\"elementor-widget-container\">\n\t\t\t\t\t\t\t\t\t<h4><strong>An impossible meeting if you did not have today&#039;s technology. Separated by an entire continent. United by the same crazy passion that characterizes the lovers of the Vine.<\/strong><\/h4><p>A brotherhood that was born by accident. An email destined for someone else... A phone call that conceived a trip to meet personally.<\/p><p>Sharing several days between laughter, wine and talks that led these two strangers to realize that they had a lot in common.<\/p><p>This project began back in 2014, but was consolidated in 2017, when Enzo and Alejandro decided to enter into a partnership, driven by the idea of exploring and bringing wines that tell a story to Argentina. From unique and remote regions. Unsurpassed quality wines. And thus fulfill a common dream: to form the most important importer of fine wines in Argentina.\u00a0<\/p>\t\t\t\t\t\t\t\t<\/div>\n\t\t\t\t<\/div>\n\t\t\t\t\t<\/div>\n\t\t<\/div>\n\t\t\t\t\t<\/div>\n\t\t<\/section>\n\t\t\t\t<section class=\"elementor-section elementor-top-section elementor-element elementor-element-a30450b elementor-section-full_width elementor-section-content-middle elementor-section-height-default elementor-section-height-default\" data-id=\"a30450b\" data-element_type=\"section\" data-e-type=\"section\" data-settings=\"{&quot;background_background&quot;:&quot;classic&quot;}\">\n\t\t\t\t\t\t<div class=\"elementor-container elementor-column-gap-default\">\n\t\t\t\t\t<div class=\"elementor-column elementor-col-50 elementor-top-column elementor-element elementor-element-bed5c2c\" data-id=\"bed5c2c\" data-element_type=\"column\" data-e-type=\"column\">\n\t\t\t<div class=\"elementor-widget-wrap elementor-element-populated\">\n\t\t\t\t\t\t<div class=\"elementor-element elementor-element-faed7d4 elementor-widget elementor-widget-image\" data-id=\"faed7d4\" data-element_type=\"widget\" data-e-type=\"widget\" data-widget_type=\"image.default\">\n\t\t\t\t<div class=\"elementor-widget-container\">\n\t\t\t\t\t\t\t\t\t\t\t\t\t\t\t<img decoding=\"async\" width=\"400\" height=\"605\" src=\"https:\/\/internationalwinemore.com\/wp-content\/uploads\/2023\/06\/image1-compressed-577x1024-2.png\" class=\"attachment-large size-large wp-image-10985\" alt=\"\" srcset=\"https:\/\/internationalwinemore.com\/wp-content\/uploads\/2023\/06\/image1-compressed-577x1024-2.png 400w, https:\/\/internationalwinemore.com\/wp-content\/uploads\/2023\/06\/image1-compressed-577x1024-2-300x454.png 300w, https:\/\/internationalwinemore.com\/wp-content\/uploads\/2023\/06\/image1-compressed-577x1024-2-198x300.png 198w\" sizes=\"(max-width: 400px) 100vw, 400px\" \/>\t\t\t\t\t\t\t\t\t\t\t\t\t\t\t<\/div>\n\t\t\t\t<\/div>\n\t\t\t\t\t<\/div>\n\t\t<\/div>\n\t\t\t\t<div class=\"elementor-column elementor-col-50 elementor-top-column elementor-element elementor-element-8175ae6\" data-id=\"8175ae6\" data-element_type=\"column\" data-e-type=\"column\">\n\t\t\t<div class=\"elementor-widget-wrap elementor-element-populated\">\n\t\t\t\t\t\t<div class=\"elementor-element elementor-element-c3a87c5 elementor-widget__width-initial elementor-widget-mobile__width-inherit elementor-widget elementor-widget-chateau_core_section_title\" data-id=\"c3a87c5\" data-element_type=\"widget\" data-e-type=\"widget\" data-widget_type=\"chateau_core_section_title.default\">\n\t\t\t\t<div class=\"elementor-widget-container\">\n\t\t\t\t\t<div class=\"qodef-shortcode qodef-m  qodef-section-title qodef-alignment--center qodef-title-break--disabled\">\n\t\t<h2 class=\"qodef-m-title\" style=\"color: #530000\">\n\t\t\t\t\tEnzo Trentanove Roth\t\t\t<\/h2>\n\t<div class=\"qodef-m-subtitle-content qodef--has-appear\" style=\"margin-top: 14px\">\n\t<div class=\"qodef-m-subtitle-line-one\" style=\"width: 25px;background-color: #530000\"><\/div>\n\t\t\t<p class=\"qodef-m-subtitle\" style=\"margin-left: 7px;color: #530000\">CEO<\/p>\n\t\t<div class=\"qodef-m-subtitle-line-two\" style=\"display: none;\"><\/div>\n<\/div>\n\t<\/div>\n\t\t\t\t<\/div>\n\t\t\t\t<\/div>\n\t\t\t\t<div class=\"elementor-element elementor-element-90d12da elementor-widget-tablet__width-inherit elementor-widget elementor-widget-text-editor\" data-id=\"90d12da\" data-element_type=\"widget\" data-e-type=\"widget\" data-widget_type=\"text-editor.default\">\n\t\t\t\t<div class=\"elementor-widget-container\">\n\t\t\t\t\t\t\t\t\t<p>He was born in January 1981. With values of discipline, effort, dedication and sacrifice; something he learned from his parents. His basic education was carried out at the General San Martin Military High School. Later, he studied Systems Engineering, which he did not finish, because it was not his vocation. Finally, he completed the career of Public Auctioneer to dedicate himself to Real Estate. All this forges Enzo, turning him into a disciplined, professional person, with a strong character, but full of kindness...<\/p><p>This is more or less how this story begins... After his first trip to Mendoza in 2014, which until now were just a family vacation. He toured one of the most emblematic wineries in our country, and at the end of his 10-day trip, he had visited more than 15 wineries, tasting their wines and learning about the process from growing the vine to marketing the wine.<\/p><p>He had the opportunity to meet many people who were well-versed in the subject and other highly specialized ones who were able to transmit their passion to him, and which would later also become his... That trip was a before and after in Enzo&#039;s life.<\/p><p>At that time he was absolutely dedicated to what was his profession for 10 years, the world of Real Estate. But in him, that seed of curiosity of wanting to know more and more about the world of wine was growing...<\/p><p>Behold, when you decide to change your course... You realize that success is useless, if you don&#039;t do what you love. Discover your true passion. It was love at first sight. He began to delve into the culture of the fermented grape. Tasting, traveling, learning, making friends with Winemakers, aficionados, chefs and sommeliers. Enzo found his identity and his vocation.<\/p><p>He began learning about Argentine wines and his curiosity led him to want to know a little more about wines from other parts of the world. He began to explore and could see the lack of local options to meet them. This led him to study the market, inquiring with certain consumers who love good wine, to find out which wines from other countries were of interest to them.<\/p><p>During the first two years, he began to bring certain labels of some of the most recognized wines in the world to the country to see the reaction of the local market; and thus evaluate the possibility of opening a path that was not yet developed in our country.<\/p><p>This is how International Wine &amp; More was born\u2026<\/p>\t\t\t\t\t\t\t\t<\/div>\n\t\t\t\t<\/div>\n\t\t\t\t\t<\/div>\n\t\t<\/div>\n\t\t\t\t\t<\/div>\n\t\t<\/section>\n\t\t\t\t<section class=\"elementor-section elementor-top-section elementor-element elementor-element-9d2c306 elementor-section-full_width elementor-section-content-middle elementor-section-height-default elementor-section-height-default\" data-id=\"9d2c306\" data-element_type=\"section\" data-e-type=\"section\" data-settings=\"{&quot;background_background&quot;:&quot;classic&quot;}\">\n\t\t\t\t\t\t<div class=\"elementor-container elementor-column-gap-default\">\n\t\t\t\t\t<div class=\"elementor-column elementor-col-50 elementor-top-column elementor-element elementor-element-45ba28d\" data-id=\"45ba28d\" data-element_type=\"column\" data-e-type=\"column\">\n\t\t\t<div class=\"elementor-widget-wrap elementor-element-populated\">\n\t\t\t\t\t\t<div class=\"elementor-element elementor-element-498a209 elementor-widget__width-initial elementor-widget-mobile__width-inherit elementor-widget elementor-widget-chateau_core_section_title\" data-id=\"498a209\" data-element_type=\"widget\" data-e-type=\"widget\" data-widget_type=\"chateau_core_section_title.default\">\n\t\t\t\t<div class=\"elementor-widget-container\">\n\t\t\t\t\t<div class=\"qodef-shortcode qodef-m  qodef-section-title qodef-alignment--center qodef-title-break--disabled\">\n\t\t<h2 class=\"qodef-m-title\" style=\"color: #530000\">\n\t\t\t\t\tAlejandro Zaldumbide\t\t\t<\/h2>\n\t<div class=\"qodef-m-subtitle-content qodef--has-appear\" style=\"margin-top: 14px\">\n\t<div class=\"qodef-m-subtitle-line-one\" style=\"width: 25px;background-color: #530000\"><\/div>\n\t\t\t<p class=\"qodef-m-subtitle\" style=\"margin-left: 7px;color: #530000\">DIRECTOR OF IMPORTS<\/p>\n\t\t<div class=\"qodef-m-subtitle-line-two\" style=\"display: none;\"><\/div>\n<\/div>\n\t<\/div>\n\t\t\t\t<\/div>\n\t\t\t\t<\/div>\n\t\t\t\t<div class=\"elementor-element elementor-element-b035697 elementor-widget-tablet__width-inherit elementor-widget elementor-widget-text-editor\" data-id=\"b035697\" data-element_type=\"widget\" data-e-type=\"widget\" data-widget_type=\"text-editor.default\">\n\t\t\t\t<div class=\"elementor-widget-container\">\n\t\t\t\t\t\t\t\t\t<p>Since he was little, Alejandro was exposed to the art of good eating and drinking, thanks to the influence of his parents. His first high-level culinary adventure was at the age of 6, when his parents took him to celebrate their anniversary at Valentino&#039;s, one of the most iconic restaurants in the city of Los Angeles in the &#039;80s and &#039;90s. After trying Crab cakes for the first time, nothing was the same. A door was opened that was never closed again. The love of good food.<\/p><p>His love for wine began a couple of years later, when his father gave him small amounts of wine to taste, explaining the process of making it, asking what he was finding on the nose and in the mouth. Little by little, he was discovering aromas and flavors. He learned that wine has a life of its own and that no glass tastes the same. Years later, he decides to study creative writing. Not being convinced with this career, he decided to study cooking at the prestigious Le Cord\u00f3n Blu school in Hollywood, California. After graduating, he excelled in hotels and catering companies, working on events for celebrities and major political figures.<\/p><p>Despite the love of cooking, I still felt an emptiness. That of wine, and this is when he decided to start working in the world of wine and spirits distribution. In his more than 10 years of experience in the industry, Alejandro has received numerous certifications, from important schools such as The Court of Master Sommelier and the WSET school in London. Along the way, he has forged deep friendships with some of the best producers and Winemakers from the major wine regions of the globe.<\/p>\t\t\t\t\t\t\t\t<\/div>\n\t\t\t\t<\/div>\n\t\t\t\t\t<\/div>\n\t\t<\/div>\n\t\t\t\t<div class=\"elementor-column elementor-col-50 elementor-top-column elementor-element elementor-element-69ff073\" data-id=\"69ff073\" data-element_type=\"column\" data-e-type=\"column\">\n\t\t\t<div class=\"elementor-widget-wrap elementor-element-populated\">\n\t\t\t\t\t\t<div class=\"elementor-element elementor-element-42bc316 elementor-widget elementor-widget-image\" data-id=\"42bc316\" data-element_type=\"widget\" data-e-type=\"widget\" data-widget_type=\"image.default\">\n\t\t\t\t<div class=\"elementor-widget-container\">\n\t\t\t\t\t\t\t\t\t\t\t\t\t\t\t<img decoding=\"async\" width=\"400\" height=\"675\" src=\"https:\/\/internationalwinemore.com\/wp-content\/uploads\/2023\/06\/image1-compressed-577x1024-2.jpg\" class=\"attachment-large size-large wp-image-10986\" alt=\"\" srcset=\"https:\/\/internationalwinemore.com\/wp-content\/uploads\/2023\/06\/image1-compressed-577x1024-2.jpg 400w, https:\/\/internationalwinemore.com\/wp-content\/uploads\/2023\/06\/image1-compressed-577x1024-2-300x506.jpg 300w, https:\/\/internationalwinemore.com\/wp-content\/uploads\/2023\/06\/image1-compressed-577x1024-2-178x300.jpg 178w\" sizes=\"(max-width: 400px) 100vw, 400px\" \/>\t\t\t\t\t\t\t\t\t\t\t\t\t\t\t<\/div>\n\t\t\t\t<\/div>\n\t\t\t\t\t<\/div>\n\t\t<\/div>\n\t\t\t\t\t<\/div>\n\t\t<\/section>\n\t\t\t\t<section class=\"elementor-section elementor-top-section elementor-element elementor-element-7590606 elementor-section-full_width elementor-section-height-min-height elementor-section-items-bottom qodef-elementor-content-grid elementor-section-height-default\" data-id=\"7590606\" data-element_type=\"section\" data-e-type=\"section\" data-settings=\"{&quot;background_background&quot;:&quot;classic&quot;}\">\n\t\t\t\t\t\t\t<div class=\"elementor-background-overlay\"><\/div>\n\t\t\t\t\t\t\t<div class=\"elementor-container elementor-column-gap-default\">\n\t\t\t\t\t<div class=\"elementor-column elementor-col-100 elementor-top-column elementor-element elementor-element-2de46cb\" data-id=\"2de46cb\" data-element_type=\"column\" data-e-type=\"column\">\n\t\t\t<div class=\"elementor-widget-wrap elementor-element-populated\">\n\t\t\t\t\t\t<div class=\"elementor-element elementor-element-46c9293 elementor-widget elementor-widget-heading\" data-id=\"46c9293\" data-element_type=\"widget\" data-e-type=\"widget\" data-widget_type=\"heading.default\">\n\t\t\t\t<div class=\"elementor-widget-container\">\n\t\t\t\t\t<h2 class=\"elementor-heading-title elementor-size-default\">We import wines to Argentina with soul, with identity, of unmatched quality: that represent the terroir of their respective regions.<\/h2>\t\t\t\t<\/div>\n\t\t\t\t<\/div>\n\t\t\t\t\t<\/div>\n\t\t<\/div>\n\t\t\t\t\t<\/div>\n\t\t<\/section>\n\t\t\t\t<\/div>","protected":false},"excerpt":{"rendered":"<p>Un encuentro imposible si no se contase con la tecnolog\u00eda de hoy en d\u00eda. Separados por todo un continente. Unidos por la misma loca pasi\u00f3n, que caracteriza a los amantes de la Vid. Una hermandad que naci\u00f3 por accidente. Un correo electr\u00f3nico destinado para alguien m\u00e1s\u2026 Un llamado telef\u00f3nico que concibi\u00f3 un viaje para conocerse [&hellip;]<\/p>\n","protected":false},"author":1,"featured_media":0,"parent":0,"menu_order":0,"comment_status":"closed","ping_status":"closed","template":"page-full-width.php","meta":{"footnotes":""},"class_list":["post-10274","page","type-page","status-publish","hentry"],"_links":{"self":[{"href":"http:\/\/internationalwinemore.com\/en\/wp-json\/wp\/v2\/pages\/10274","targetHints":{"allow":["GET"]}}],"collection":[{"href":"http:\/\/internationalwinemore.com\/en\/wp-json\/wp\/v2\/pages"}],"about":[{"href":"http:\/\/internationalwinemore.com\/en\/wp-json\/wp\/v2\/types\/page"}],"author":[{"embeddable":true,"href":"http:\/\/internationalwinemore.com\/en\/wp-json\/wp\/v2\/users\/1"}],"replies":[{"embeddable":true,"href":"http:\/\/internationalwinemore.com\/en\/wp-json\/wp\/v2\/comments?post=10274"}],"version-history":[{"count":41,"href":"http:\/\/internationalwinemore.com\/en\/wp-json\/wp\/v2\/pages\/10274\/revisions"}],"predecessor-version":[{"id":11011,"href":"http:\/\/internationalwinemore.com\/en\/wp-json\/wp\/v2\/pages\/10274\/revisions\/11011"}],"wp:attachment":[{"href":"http:\/\/internationalwinemore.com\/en\/wp-json\/wp\/v2\/media?parent=10274"}],"curies":[{"name":"wp","href":"https:\/\/api.w.org\/{rel}","templated":true}]}}