{"id":12047,"date":"2025-05-16T00:21:15","date_gmt":"2025-05-16T00:21:15","guid":{"rendered":"https:\/\/internationalwinemore.com\/?post_type=product&#038;p=12047"},"modified":"2025-05-17T00:00:07","modified_gmt":"2025-05-17T00:00:07","slug":"2010-lopez-de-heredia-vina-bosconia-reserva","status":"publish","type":"product","link":"http:\/\/internationalwinemore.com\/en\/product\/2010-lopez-de-heredia-vina-bosconia-reserva\/","title":{"rendered":"2010 Lopez de Heredia Vi\u00f1a Bosconia Reserva"},"content":{"rendered":"","protected":false},"excerpt":{"rendered":"<h5 style=\"text-align: center\"><a href=\"https:\/\/internationalwinemore.com\/wp-content\/uploads\/2025\/05\/Lopez-de-Heredia_1-1.jpg\"><img decoding=\"async\" class=\"alignnone size-medium wp-image-12037\" src=\"https:\/\/internationalwinemore.com\/wp-content\/uploads\/2025\/05\/Lopez-de-Heredia_1-1-300x150.jpg\" alt=\"\" width=\"300\" height=\"150\" srcset=\"https:\/\/internationalwinemore.com\/wp-content\/uploads\/2025\/05\/Lopez-de-Heredia_1-1-300x150.jpg 300w, https:\/\/internationalwinemore.com\/wp-content\/uploads\/2025\/05\/Lopez-de-Heredia_1-1-18x9.jpg 18w, https:\/\/internationalwinemore.com\/wp-content\/uploads\/2025\/05\/Lopez-de-Heredia_1-1.jpg 600w\" sizes=\"(max-width: 300px) 100vw, 300px\" \/><\/a><\/h5>\n<p style=\"text-align: center\">Vi\u00f1a Bosconia was born on the El Bosque estate and its name comes from a wine that the L\u00f3pez de Heredia family&#039;s great-grandfather made in the French Burgundy style. Vi\u00f1a Bosconia wines are elegant, consistent, and structured, with a highly seductive aromatic complexity.<\/p>\n<p style=\"text-align: center\">Intense ruby red with light brick-red hues. Powerful and elegant. Aromas of ripe black fruit, mountain herbs, and fine spices predominate, giving way to the toasted nuances of the barrel. Ideal with grilled meats and herb-flavored stews. A great companion to game dishes, cured cheeses, and cured meats.<\/p>","protected":false},"featured_media":12053,"comment_status":"closed","ping_status":"closed","template":"","meta":[],"product_brand":[],"product_cat":[526,86],"product_tag":[],"class_list":{"0":"post-12047","1":"product","2":"type-product","3":"status-publish","4":"has-post-thumbnail","6":"product_cat-d-o-rioja","7":"product_cat-espana","8":"pa_bodega-r-lopez-de-heredia","9":"pa_cosecha-208","10":"pa_score-95js","11":"pa_tipo-de-vino-red-blend","12":"pa_varietal-garnacha","13":"pa_varietal-graziano","14":"pa_varietal-mazuelo","15":"pa_varietal-tempranillo","17":"first","18":"instock","19":"shipping-taxable","20":"purchasable","21":"product-type-simple"},"_links":{"self":[{"href":"http:\/\/internationalwinemore.com\/en\/wp-json\/wp\/v2\/product\/12047","targetHints":{"allow":["GET"]}}],"collection":[{"href":"http:\/\/internationalwinemore.com\/en\/wp-json\/wp\/v2\/product"}],"about":[{"href":"http:\/\/internationalwinemore.com\/en\/wp-json\/wp\/v2\/types\/product"}],"replies":[{"embeddable":true,"href":"http:\/\/internationalwinemore.com\/en\/wp-json\/wp\/v2\/comments?post=12047"}],"wp:featuredmedia":[{"embeddable":true,"href":"http:\/\/internationalwinemore.com\/en\/wp-json\/wp\/v2\/media\/12053"}],"wp:attachment":[{"href":"http:\/\/internationalwinemore.com\/en\/wp-json\/wp\/v2\/media?parent=12047"}],"wp:term":[{"taxonomy":"product_brand","embeddable":true,"href":"http:\/\/internationalwinemore.com\/en\/wp-json\/wp\/v2\/product_brand?post=12047"},{"taxonomy":"product_cat","embeddable":true,"href":"http:\/\/internationalwinemore.com\/en\/wp-json\/wp\/v2\/product_cat?post=12047"},{"taxonomy":"product_tag","embeddable":true,"href":"http:\/\/internationalwinemore.com\/en\/wp-json\/wp\/v2\/product_tag?post=12047"}],"curies":[{"name":"wp","href":"https:\/\/api.w.org\/{rel}","templated":true}]}}