{"id":12263,"date":"2025-05-20T20:07:29","date_gmt":"2025-05-20T20:07:29","guid":{"rendered":"https:\/\/internationalwinemore.com\/?post_type=product&#038;p=12263"},"modified":"2025-05-27T16:18:40","modified_gmt":"2025-05-27T16:18:40","slug":"2021-raul-perez-atalier-a-cruz-das-animas","status":"publish","type":"product","link":"http:\/\/internationalwinemore.com\/en\/product\/2021-raul-perez-atalier-a-cruz-das-animas\/","title":{"rendered":"2021 Ra\u00fal P\u00e9rez Atalier to Cruz das Animas"},"content":{"rendered":"","protected":false},"excerpt":{"rendered":"<div id=\"delivery-info\" style=\"text-align: center;\"><strong><a href=\"https:\/\/internationalwinemore.com\/wp-content\/uploads\/2025\/05\/raulperez.jpg\"><img fetchpriority=\"high\" decoding=\"async\" class=\"alignnone size-medium wp-image-12259\" src=\"https:\/\/internationalwinemore.com\/wp-content\/uploads\/2025\/05\/raulperez-225x300.jpg\" alt=\"\" width=\"225\" height=\"300\" srcset=\"https:\/\/internationalwinemore.com\/wp-content\/uploads\/2025\/05\/raulperez-225x300.jpg 225w, https:\/\/internationalwinemore.com\/wp-content\/uploads\/2025\/05\/raulperez-9x12.jpg 9w, https:\/\/internationalwinemore.com\/wp-content\/uploads\/2025\/05\/raulperez-300x400.jpg 300w, https:\/\/internationalwinemore.com\/wp-content\/uploads\/2025\/05\/raulperez.jpg 600w\" sizes=\"(max-width: 225px) 100vw, 225px\" \/><\/a><\/strong><\/div>\n<div class=\"product attribute overview\">\n<div class=\"value\">\n<div class=\"WaaZC\" style=\"text-align: center;\">\n<div data-hveid=\"CAYQAQ\" data-ved=\"2ahUKEwicuZnvg6mNAxUwkJUCHSu1J34Qo_EKegQIBhAB\">\n<p>&nbsp;<\/p>\n<p><span data-huuid=\"4645825541480406935\">The Atalier A Cruz das Animas 2021 white wine from Bodegas Ra\u00fal P\u00e9rez is an Albari\u00f1o 100% from the Saln\u00e9s sub-region in R\u00edas Baixas. <\/span><span data-huuid=\"4645825541480406746\">It stands out for its pale yellow color, citrus aroma, and notes of stone fruit, with a vibrant and tasty palate, thanks to its aging in the foudre, with a pleasant and saline finish.<\/span><\/p>\n<p><span data-huuid=\"16932218983815444426\">The wine is made with grapes from two coastal plots in the Cambados area of the Saln\u00e9s Valley, planted on sandy and granite soils near the sea, giving it a saline character.<span class=\"pjBG2e\" data-cid=\"42579d7d-17af-4a35-a922-c5a0723cb7bb\"><span class=\"UV3uM\">\u00a0<\/span><\/span><\/span><\/p>\n<div class=\"NPrrbc\" data-cid=\"42579d7d-17af-4a35-a922-c5a0723cb7bb\" data-uuids=\"16932218983815446441,16932218983815444426\">\n<div class=\"BMebGe btku5b fCrZyc LwdV0e FR7ZSc qVhvac OJeuxf\" role=\"button\" aria-label=\"See related links\" data-hveid=\"CDQQAQ\" data-ved=\"2ahUKEwjJ59T87LKNAxUGC7kGHbsAA2MQ3fYKegQINBAB\">\n<div class=\"niO4u\">\n<div class=\"kHtcsd\"><\/div>\n<\/div>\n<\/div>\n<\/div>\n<\/div>\n<\/div>\n<\/div>\n<\/div>","protected":false},"featured_media":12278,"comment_status":"closed","ping_status":"closed","template":"","meta":[],"product_brand":[],"product_cat":[630,86],"product_tag":[],"class_list":{"0":"post-12263","1":"product","2":"type-product","3":"status-publish","4":"has-post-thumbnail","6":"product_cat-do-o-rias-baixas","7":"product_cat-espana","8":"pa_bodega-raul-perez","9":"pa_cosecha-321","10":"pa_tipo-de-vino-white-wine","11":"pa_varietal-albarino","13":"first","14":"instock","15":"downloadable","16":"shipping-taxable","17":"purchasable","18":"product-type-simple"},"_links":{"self":[{"href":"http:\/\/internationalwinemore.com\/en\/wp-json\/wp\/v2\/product\/12263","targetHints":{"allow":["GET"]}}],"collection":[{"href":"http:\/\/internationalwinemore.com\/en\/wp-json\/wp\/v2\/product"}],"about":[{"href":"http:\/\/internationalwinemore.com\/en\/wp-json\/wp\/v2\/types\/product"}],"replies":[{"embeddable":true,"href":"http:\/\/internationalwinemore.com\/en\/wp-json\/wp\/v2\/comments?post=12263"}],"wp:featuredmedia":[{"embeddable":true,"href":"http:\/\/internationalwinemore.com\/en\/wp-json\/wp\/v2\/media\/12278"}],"wp:attachment":[{"href":"http:\/\/internationalwinemore.com\/en\/wp-json\/wp\/v2\/media?parent=12263"}],"wp:term":[{"taxonomy":"product_brand","embeddable":true,"href":"http:\/\/internationalwinemore.com\/en\/wp-json\/wp\/v2\/product_brand?post=12263"},{"taxonomy":"product_cat","embeddable":true,"href":"http:\/\/internationalwinemore.com\/en\/wp-json\/wp\/v2\/product_cat?post=12263"},{"taxonomy":"product_tag","embeddable":true,"href":"http:\/\/internationalwinemore.com\/en\/wp-json\/wp\/v2\/product_tag?post=12263"}],"curies":[{"name":"wp","href":"https:\/\/api.w.org\/{rel}","templated":true}]}}