{"id":12938,"date":"2025-06-27T18:53:17","date_gmt":"2025-06-27T18:53:17","guid":{"rendered":"https:\/\/internationalwinemore.com\/?post_type=product&#038;p=12938"},"modified":"2025-06-27T19:29:53","modified_gmt":"2025-06-27T19:29:53","slug":"2019-chateau-cantemerle-chateau-cantemerle","status":"publish","type":"product","link":"http:\/\/internationalwinemore.com\/en\/product\/2019-chateau-cantemerle-chateau-cantemerle\/","title":{"rendered":"2019 Chateau Cantemerle"},"content":{"rendered":"","protected":false},"excerpt":{"rendered":"<p><a href=\"https:\/\/internationalwinemore.com\/wp-content\/uploads\/2025\/06\/Chateau-Cantemerle.webp\"><img decoding=\"async\" class=\"size-full wp-image-12939 aligncenter\" src=\"https:\/\/internationalwinemore.com\/wp-content\/uploads\/2025\/06\/Chateau-Cantemerle.webp\" alt=\"\" width=\"240\" height=\"200\" srcset=\"https:\/\/internationalwinemore.com\/wp-content\/uploads\/2025\/06\/Chateau-Cantemerle.webp 240w, https:\/\/internationalwinemore.com\/wp-content\/uploads\/2025\/06\/Chateau-Cantemerle-14x12.webp 14w\" sizes=\"(max-width: 240px) 100vw, 240px\" \/><\/a><\/p>\n<p>&nbsp;<\/p>\n<p>&nbsp;<\/p>\n<p style=\"text-align: center;\"><span data-huuid=\"11126223715415025942\">Ch\u00e2teau Cantemerle 2019 is a Bordeaux red wine, classified as 5\u00e8me Cru Class\u00e9 (Fifth Cru) in the official 1855 classification. It is known for its elegant style, exquisite fruit, silky tannins, and good aging capacity.\u00a0<\/span><span data-huuid=\"11126223715415024019\">It is made with a blend of Cabernet Sauvignon, Merlot, Cabernet Franc and Petit Verdot, and stands out for its bright color, complex aromas and a lively and persistent flavor.<span class=\"pjBG2e\" data-cid=\"26d9ede8-0b27-4d6b-ad4f-53669ca0a836\"><span class=\"UV3uM\">\u00a0<\/span><\/span><\/span><\/p>","protected":false},"featured_media":12940,"comment_status":"closed","ping_status":"closed","template":"","meta":[],"product_brand":[],"product_cat":[92,89,763],"product_tag":[],"class_list":{"0":"post-12938","1":"product","2":"type-product","3":"status-publish","4":"has-post-thumbnail","6":"product_cat-bordeaux","7":"product_cat-francia","8":"product_cat-haut-medoc","9":"pa_bodega-chateau-cantemerle","10":"pa_score-95js","11":"pa_tipo-de-vino-red-blend","12":"pa_varietal-cabernet-franc","13":"pa_varietal-cabernet-sauvignon","14":"pa_varietal-merlot","15":"pa_varietal-petit-verdot","17":"first","18":"instock","19":"downloadable","20":"shipping-taxable","21":"purchasable","22":"product-type-simple"},"_links":{"self":[{"href":"http:\/\/internationalwinemore.com\/en\/wp-json\/wp\/v2\/product\/12938","targetHints":{"allow":["GET"]}}],"collection":[{"href":"http:\/\/internationalwinemore.com\/en\/wp-json\/wp\/v2\/product"}],"about":[{"href":"http:\/\/internationalwinemore.com\/en\/wp-json\/wp\/v2\/types\/product"}],"replies":[{"embeddable":true,"href":"http:\/\/internationalwinemore.com\/en\/wp-json\/wp\/v2\/comments?post=12938"}],"wp:featuredmedia":[{"embeddable":true,"href":"http:\/\/internationalwinemore.com\/en\/wp-json\/wp\/v2\/media\/12940"}],"wp:attachment":[{"href":"http:\/\/internationalwinemore.com\/en\/wp-json\/wp\/v2\/media?parent=12938"}],"wp:term":[{"taxonomy":"product_brand","embeddable":true,"href":"http:\/\/internationalwinemore.com\/en\/wp-json\/wp\/v2\/product_brand?post=12938"},{"taxonomy":"product_cat","embeddable":true,"href":"http:\/\/internationalwinemore.com\/en\/wp-json\/wp\/v2\/product_cat?post=12938"},{"taxonomy":"product_tag","embeddable":true,"href":"http:\/\/internationalwinemore.com\/en\/wp-json\/wp\/v2\/product_tag?post=12938"}],"curies":[{"name":"wp","href":"https:\/\/api.w.org\/{rel}","templated":true}]}}