{"id":10315,"date":"2023-05-04T19:49:00","date_gmt":"2023-05-04T19:49:00","guid":{"rendered":"https:\/\/internationalwinemore.com\/?page_id=10315"},"modified":"2023-06-30T19:42:22","modified_gmt":"2023-06-30T19:42:22","slug":"que-hacemos","status":"publish","type":"page","link":"https:\/\/internationalwinemore.com\/en\/que-hacemos\/","title":{"rendered":"What we do"},"content":{"rendered":"<div data-elementor-type=\"wp-page\" data-elementor-id=\"10315\" class=\"elementor elementor-10315\" data-elementor-post-type=\"page\">\n\t\t\t\t\t\t<section class=\"elementor-section elementor-top-section elementor-element elementor-element-02f21f3 elementor-section-full_width qodef-elementor-content-grid elementor-section-height-default elementor-section-height-default\" data-id=\"02f21f3\" data-element_type=\"section\" data-e-type=\"section\">\n\t\t\t\t\t\t<div class=\"elementor-container elementor-column-gap-default\">\n\t\t\t\t\t<div class=\"elementor-column elementor-col-100 elementor-top-column elementor-element elementor-element-fec6a9e\" data-id=\"fec6a9e\" data-element_type=\"column\" data-e-type=\"column\">\n\t\t\t<div class=\"elementor-widget-wrap elementor-element-populated\">\n\t\t\t\t\t\t<div class=\"elementor-element elementor-element-73c84e7 elementor-widget elementor-widget-chateau_core_section_title\" data-id=\"73c84e7\" data-element_type=\"widget\" data-e-type=\"widget\" data-widget_type=\"chateau_core_section_title.default\">\n\t\t\t\t<div class=\"elementor-widget-container\">\n\t\t\t\t\t<div class=\"qodef-shortcode qodef-m  qodef-section-title qodef-alignment--center\">\n\t\t<h2 class=\"qodef-m-title\" >\n\t\t\t\t\tWhat we do\t\t\t<\/h2>\n\t<div class=\"qodef-m-subtitle-content qodef--has-appear\" >\n\t<div class=\"qodef-m-subtitle-line-one\" ><\/div>\n\t\t\t<p class=\"qodef-m-subtitle\" style=\"margin-left: 25px;margin-right: 25px\">with soul, origin and identity<\/p>\n\t\t<div class=\"qodef-m-subtitle-line-two\" ><\/div>\n<\/div>\n\t<\/div>\n\t\t\t\t<\/div>\n\t\t\t\t<\/div>\n\t\t\t\t<div class=\"elementor-element elementor-element-971ccc1 elementor-widget-tablet__width-inherit elementor-widget elementor-widget-text-editor\" data-id=\"971ccc1\" data-element_type=\"widget\" data-e-type=\"widget\" data-widget_type=\"text-editor.default\">\n\t\t\t\t<div class=\"elementor-widget-container\">\n\t\t\t\t\t\t\t\t\t<h4>We import to Argentina wines with soul, with identity, of unmatched quality; that represent the terroir of their respective areas. Wines from the most important wine regions in the world, from renowned producers and highly regarded by the industry&#039;s leading critics and journalists.<\/h4><p>We offer the Argentine consumer the possibility of delving into the world of foreign wines, something that happens in the main countries. Have within your reach unique wines, from distant lands, that tell a story in each bottle.<\/p><p>And so, after endless trips and tastings through the main wine regions of America and Europe, we decided to launch our portfolio, with two of the most recognized wineries in the industry: Copper Cane Wines &amp; Provisions, one of the most relevant wineries in recent years in the great Napa Valley, California, and Le Macchiole, one of the most legendary producers in Tuscany, Italy. Today there are already 5 producers who have decided to be part of this great project and who make up our Portfolio.<\/p>\t\t\t\t\t\t\t\t<\/div>\n\t\t\t\t<\/div>\n\t\t\t\t\t<\/div>\n\t\t<\/div>\n\t\t\t\t\t<\/div>\n\t\t<\/section>\n\t\t\t\t<section class=\"elementor-section elementor-top-section elementor-element elementor-element-4cfcfab elementor-section-full_width elementor-section-height-default elementor-section-height-default\" data-id=\"4cfcfab\" data-element_type=\"section\" data-e-type=\"section\">\n\t\t\t\t\t\t<div class=\"elementor-container elementor-column-gap-default\">\n\t\t\t\t\t<div class=\"elementor-column elementor-col-100 elementor-top-column elementor-element elementor-element-6d767da\" data-id=\"6d767da\" data-element_type=\"column\" data-e-type=\"column\">\n\t\t\t<div class=\"elementor-widget-wrap elementor-element-populated\">\n\t\t\t\t\t\t<div class=\"elementor-element elementor-element-78bf74b elementor-widget elementor-widget-chateau_core_image_gallery\" data-id=\"78bf74b\" data-element_type=\"widget\" data-e-type=\"widget\" data-widget_type=\"chateau_core_image_gallery.default\">\n\t\t\t\t<div class=\"elementor-widget-container\">\n\t\t\t\t\t<div class=\"qodef-shortcode qodef-m  qodef-image-gallery qodef-magnific-popup qodef-popup-gallery   qodef-grid qodef-layout--columns  qodef-gutter--tiny qodef-vertical-gutter--tiny qodef-col-num--5    qodef-responsive--custom qodef-col-num--1440--5 qodef-col-num--1366--5 qodef-col-num--1024--5 qodef-col-num--768--2 qodef-col-num--680--1 qodef-col-num--480--1\" >\n\t<div class=\"qodef-grid-inner\">\n\t\t<div class=\"qodef-e qodef-image-wrapper qodef-grid-item\">\n\t\t\t<a class=\"qodef-popup-item\" itemprop=\"image\" href=\"https:\/\/internationalwinemore.com\/wp-content\/uploads\/2023\/06\/Copper-Cane-.png\" data-type=\"image\" title=\"\">\n\t\t<span class=\"qodef-hover-plus\"><\/span>\n\t\t\t<img fetchpriority=\"high\" decoding=\"async\" width=\"1414\" height=\"2000\" src=\"https:\/\/internationalwinemore.com\/wp-content\/uploads\/2023\/06\/Copper-Cane-.png\" class=\"attachment-full size-full\" alt=\"\" srcset=\"https:\/\/internationalwinemore.com\/wp-content\/uploads\/2023\/06\/Copper-Cane-.png 1414w, https:\/\/internationalwinemore.com\/wp-content\/uploads\/2023\/06\/Copper-Cane--300x424.png 300w, https:\/\/internationalwinemore.com\/wp-content\/uploads\/2023\/06\/Copper-Cane--600x849.png 600w, https:\/\/internationalwinemore.com\/wp-content\/uploads\/2023\/06\/Copper-Cane--212x300.png 212w, https:\/\/internationalwinemore.com\/wp-content\/uploads\/2023\/06\/Copper-Cane--724x1024.png 724w, https:\/\/internationalwinemore.com\/wp-content\/uploads\/2023\/06\/Copper-Cane--768x1086.png 768w, https:\/\/internationalwinemore.com\/wp-content\/uploads\/2023\/06\/Copper-Cane--1086x1536.png 1086w, https:\/\/internationalwinemore.com\/wp-content\/uploads\/2023\/06\/Copper-Cane--8x12.png 8w\" sizes=\"(max-width: 1414px) 100vw, 1414px\" \/>\t\t\t<\/a>\n\t<\/div>\n<div class=\"qodef-e qodef-image-wrapper qodef-grid-item\">\n\t\t\t<a class=\"qodef-popup-item\" itemprop=\"image\" href=\"https:\/\/internationalwinemore.com\/wp-content\/uploads\/2023\/06\/Fattoria-Le-Pupille.png\" data-type=\"image\" title=\"\">\n\t\t<span class=\"qodef-hover-plus\"><\/span>\n\t\t\t<img decoding=\"async\" width=\"1414\" height=\"2000\" src=\"https:\/\/internationalwinemore.com\/wp-content\/uploads\/2023\/06\/Fattoria-Le-Pupille.png\" class=\"attachment-full size-full\" alt=\"\" srcset=\"https:\/\/internationalwinemore.com\/wp-content\/uploads\/2023\/06\/Fattoria-Le-Pupille.png 1414w, https:\/\/internationalwinemore.com\/wp-content\/uploads\/2023\/06\/Fattoria-Le-Pupille-300x424.png 300w, https:\/\/internationalwinemore.com\/wp-content\/uploads\/2023\/06\/Fattoria-Le-Pupille-600x849.png 600w, https:\/\/internationalwinemore.com\/wp-content\/uploads\/2023\/06\/Fattoria-Le-Pupille-212x300.png 212w, https:\/\/internationalwinemore.com\/wp-content\/uploads\/2023\/06\/Fattoria-Le-Pupille-724x1024.png 724w, https:\/\/internationalwinemore.com\/wp-content\/uploads\/2023\/06\/Fattoria-Le-Pupille-768x1086.png 768w, https:\/\/internationalwinemore.com\/wp-content\/uploads\/2023\/06\/Fattoria-Le-Pupille-1086x1536.png 1086w, https:\/\/internationalwinemore.com\/wp-content\/uploads\/2023\/06\/Fattoria-Le-Pupille-8x12.png 8w\" sizes=\"(max-width: 1414px) 100vw, 1414px\" \/>\t\t\t<\/a>\n\t<\/div>\n<div class=\"qodef-e qodef-image-wrapper qodef-grid-item\">\n\t\t\t<a class=\"qodef-popup-item\" itemprop=\"image\" href=\"https:\/\/internationalwinemore.com\/wp-content\/uploads\/2023\/06\/Le-Macchiole.png\" data-type=\"image\" title=\"\">\n\t\t<span class=\"qodef-hover-plus\"><\/span>\n\t\t\t<img decoding=\"async\" width=\"1414\" height=\"2000\" src=\"https:\/\/internationalwinemore.com\/wp-content\/uploads\/2023\/06\/Le-Macchiole.png\" class=\"attachment-full size-full\" alt=\"\" srcset=\"https:\/\/internationalwinemore.com\/wp-content\/uploads\/2023\/06\/Le-Macchiole.png 1414w, https:\/\/internationalwinemore.com\/wp-content\/uploads\/2023\/06\/Le-Macchiole-300x424.png 300w, https:\/\/internationalwinemore.com\/wp-content\/uploads\/2023\/06\/Le-Macchiole-600x849.png 600w, https:\/\/internationalwinemore.com\/wp-content\/uploads\/2023\/06\/Le-Macchiole-212x300.png 212w, https:\/\/internationalwinemore.com\/wp-content\/uploads\/2023\/06\/Le-Macchiole-724x1024.png 724w, https:\/\/internationalwinemore.com\/wp-content\/uploads\/2023\/06\/Le-Macchiole-768x1086.png 768w, https:\/\/internationalwinemore.com\/wp-content\/uploads\/2023\/06\/Le-Macchiole-1086x1536.png 1086w, https:\/\/internationalwinemore.com\/wp-content\/uploads\/2023\/06\/Le-Macchiole-8x12.png 8w\" sizes=\"(max-width: 1414px) 100vw, 1414px\" \/>\t\t\t<\/a>\n\t<\/div>\n<div class=\"qodef-e qodef-image-wrapper qodef-grid-item\">\n\t\t\t<a class=\"qodef-popup-item\" itemprop=\"image\" href=\"https:\/\/internationalwinemore.com\/wp-content\/uploads\/2023\/06\/Marchesi-di-Barolo-.png\" data-type=\"image\" title=\"\">\n\t\t<span class=\"qodef-hover-plus\"><\/span>\n\t\t\t<img loading=\"lazy\" decoding=\"async\" width=\"1414\" height=\"2000\" src=\"https:\/\/internationalwinemore.com\/wp-content\/uploads\/2023\/06\/Marchesi-di-Barolo-.png\" class=\"attachment-full size-full\" alt=\"\" srcset=\"https:\/\/internationalwinemore.com\/wp-content\/uploads\/2023\/06\/Marchesi-di-Barolo-.png 1414w, https:\/\/internationalwinemore.com\/wp-content\/uploads\/2023\/06\/Marchesi-di-Barolo--300x424.png 300w, https:\/\/internationalwinemore.com\/wp-content\/uploads\/2023\/06\/Marchesi-di-Barolo--600x849.png 600w, https:\/\/internationalwinemore.com\/wp-content\/uploads\/2023\/06\/Marchesi-di-Barolo--212x300.png 212w, https:\/\/internationalwinemore.com\/wp-content\/uploads\/2023\/06\/Marchesi-di-Barolo--724x1024.png 724w, https:\/\/internationalwinemore.com\/wp-content\/uploads\/2023\/06\/Marchesi-di-Barolo--768x1086.png 768w, https:\/\/internationalwinemore.com\/wp-content\/uploads\/2023\/06\/Marchesi-di-Barolo--1086x1536.png 1086w, https:\/\/internationalwinemore.com\/wp-content\/uploads\/2023\/06\/Marchesi-di-Barolo--8x12.png 8w\" sizes=\"(max-width: 1414px) 100vw, 1414px\" \/>\t\t\t<\/a>\n\t<\/div>\n<div class=\"qodef-e qodef-image-wrapper qodef-grid-item\">\n\t\t\t<a class=\"qodef-popup-item\" itemprop=\"image\" href=\"https:\/\/internationalwinemore.com\/wp-content\/uploads\/2023\/06\/Romitorio.png\" data-type=\"image\" title=\"\">\n\t\t<span class=\"qodef-hover-plus\"><\/span>\n\t\t\t<img loading=\"lazy\" decoding=\"async\" width=\"1414\" height=\"2000\" src=\"https:\/\/internationalwinemore.com\/wp-content\/uploads\/2023\/06\/Romitorio.png\" class=\"attachment-full size-full\" alt=\"\" srcset=\"https:\/\/internationalwinemore.com\/wp-content\/uploads\/2023\/06\/Romitorio.png 1414w, https:\/\/internationalwinemore.com\/wp-content\/uploads\/2023\/06\/Romitorio-300x424.png 300w, https:\/\/internationalwinemore.com\/wp-content\/uploads\/2023\/06\/Romitorio-600x849.png 600w, https:\/\/internationalwinemore.com\/wp-content\/uploads\/2023\/06\/Romitorio-212x300.png 212w, https:\/\/internationalwinemore.com\/wp-content\/uploads\/2023\/06\/Romitorio-724x1024.png 724w, https:\/\/internationalwinemore.com\/wp-content\/uploads\/2023\/06\/Romitorio-768x1086.png 768w, https:\/\/internationalwinemore.com\/wp-content\/uploads\/2023\/06\/Romitorio-1086x1536.png 1086w, https:\/\/internationalwinemore.com\/wp-content\/uploads\/2023\/06\/Romitorio-8x12.png 8w\" sizes=\"(max-width: 1414px) 100vw, 1414px\" \/>\t\t\t<\/a>\n\t<\/div>\n\t<\/div>\n<\/div>\n\t\t\t\t<\/div>\n\t\t\t\t<\/div>\n\t\t\t\t\t<\/div>\n\t\t<\/div>\n\t\t\t\t\t<\/div>\n\t\t<\/section>\n\t\t\t\t<section class=\"elementor-section elementor-top-section elementor-element elementor-element-9ee148f elementor-section-boxed elementor-section-height-default elementor-section-height-default\" data-id=\"9ee148f\" data-element_type=\"section\" data-e-type=\"section\">\n\t\t\t\t\t\t<div class=\"elementor-container elementor-column-gap-default\">\n\t\t\t\t\t<div class=\"elementor-column elementor-col-100 elementor-top-column elementor-element elementor-element-6ce3b88\" data-id=\"6ce3b88\" data-element_type=\"column\" data-e-type=\"column\">\n\t\t\t<div class=\"elementor-widget-wrap elementor-element-populated\">\n\t\t\t\t\t\t<div class=\"elementor-element elementor-element-51fe44a elementor-widget elementor-widget-chateau_core_section_title\" data-id=\"51fe44a\" data-element_type=\"widget\" data-e-type=\"widget\" data-widget_type=\"chateau_core_section_title.default\">\n\t\t\t\t<div class=\"elementor-widget-container\">\n\t\t\t\t\t<div class=\"qodef-shortcode qodef-m  qodef-section-title qodef-alignment--center\">\n\t\t<h2 class=\"qodef-m-title\" >\n\t\t\t\t\tGoals\t\t\t<\/h2>\n\t<div class=\"qodef-m-subtitle-content qodef--has-appear\" >\n\t<div class=\"qodef-m-subtitle-line-one\" ><\/div>\n\t\t\t<p class=\"qodef-m-subtitle\" style=\"margin-left: 25px;margin-right: 25px\">and commitments to our clients<\/p>\n\t\t<div class=\"qodef-m-subtitle-line-two\" ><\/div>\n<\/div>\n\t<\/div>\n\t\t\t\t<\/div>\n\t\t\t\t<\/div>\n\t\t\t\t<section class=\"elementor-section elementor-inner-section elementor-element elementor-element-1e14d91 elementor-section-boxed elementor-section-height-default elementor-section-height-default\" data-id=\"1e14d91\" data-element_type=\"section\" data-e-type=\"section\">\n\t\t\t\t\t\t<div class=\"elementor-container elementor-column-gap-default\">\n\t\t\t\t\t<div class=\"elementor-column elementor-col-33 elementor-inner-column elementor-element elementor-element-e7316e6\" data-id=\"e7316e6\" data-element_type=\"column\" data-e-type=\"column\">\n\t\t\t<div class=\"elementor-widget-wrap elementor-element-populated\">\n\t\t\t\t\t\t<div class=\"elementor-element elementor-element-0fa4f23 elementor-widget elementor-widget-chateau_core_icon_with_text\" data-id=\"0fa4f23\" data-element_type=\"widget\" data-e-type=\"widget\" data-widget_type=\"chateau_core_icon_with_text.default\">\n\t\t\t\t<div class=\"elementor-widget-container\">\n\t\t\t\t\t<div class=\"qodef-shortcode qodef-m  qodef-icon-with-text qodef-layout--before-content qodef--custom-icon\">\n\t<div class=\"qodef-m-icon-wrapper\" >\n\t\t\t\t\t<img loading=\"lazy\" decoding=\"async\" width=\"100\" height=\"101\" src=\"https:\/\/internationalwinemore.com\/wp-content\/uploads\/2022\/12\/h1-png-01.png\" class=\"attachment-full size-full\" alt=\"a\" \/>\t\t<\/div>\n\t<div class=\"qodef-m-content\">\n\t\t\t<h6 class=\"qodef-m-title\" >\n\t\t\t\t\t<span class=\"qodef-m-title-text\">Company #1 <\/span>\n\t\t\t<\/h6>\n\t\t\t\t\t<p class=\"qodef-m-text\" >Position ourselves in the Argentine market as the number one company in the import and distribution of fine wines from the rest of the world.<\/p>\n\t<\/div>\n<\/div>\n\t\t\t\t<\/div>\n\t\t\t\t<\/div>\n\t\t\t\t\t<\/div>\n\t\t<\/div>\n\t\t\t\t<div class=\"elementor-column elementor-col-33 elementor-inner-column elementor-element elementor-element-7ec8ee5\" data-id=\"7ec8ee5\" data-element_type=\"column\" data-e-type=\"column\">\n\t\t\t<div class=\"elementor-widget-wrap elementor-element-populated\">\n\t\t\t\t\t\t<div class=\"elementor-element elementor-element-f4f8ff5 elementor-widget elementor-widget-chateau_core_icon_with_text\" data-id=\"f4f8ff5\" data-element_type=\"widget\" data-e-type=\"widget\" data-widget_type=\"chateau_core_icon_with_text.default\">\n\t\t\t\t<div class=\"elementor-widget-container\">\n\t\t\t\t\t<div class=\"qodef-shortcode qodef-m  qodef-icon-with-text qodef-layout--before-content qodef--custom-icon\">\n\t<div class=\"qodef-m-icon-wrapper\" >\n\t\t\t\t\t<img loading=\"lazy\" decoding=\"async\" width=\"100\" height=\"101\" src=\"https:\/\/internationalwinemore.com\/wp-content\/uploads\/2023\/05\/s-h-img-icon-barriles.png\" class=\"attachment-full size-full\" alt=\"\" \/>\t\t<\/div>\n\t<div class=\"qodef-m-content\">\n\t\t\t<h6 class=\"qodef-m-title\" >\n\t\t\t\t\t<span class=\"qodef-m-title-text\">Communication<\/span>\n\t\t\t<\/h6>\n\t\t\t\t\t<p class=\"qodef-m-text\" >Create a communication network where the consumer can express which are the wineries or products of their interest and propose their incorporation into our portfolio.<\/p>\n\t<\/div>\n<\/div>\n\t\t\t\t<\/div>\n\t\t\t\t<\/div>\n\t\t\t\t\t<\/div>\n\t\t<\/div>\n\t\t\t\t<div class=\"elementor-column elementor-col-33 elementor-inner-column elementor-element elementor-element-f36ac43\" data-id=\"f36ac43\" data-element_type=\"column\" data-e-type=\"column\">\n\t\t\t<div class=\"elementor-widget-wrap elementor-element-populated\">\n\t\t\t\t\t\t<div class=\"elementor-element elementor-element-0790ba5 elementor-widget elementor-widget-chateau_core_icon_with_text\" data-id=\"0790ba5\" data-element_type=\"widget\" data-e-type=\"widget\" data-widget_type=\"chateau_core_icon_with_text.default\">\n\t\t\t\t<div class=\"elementor-widget-container\">\n\t\t\t\t\t<div class=\"qodef-shortcode qodef-m  qodef-icon-with-text qodef-layout--before-content qodef--custom-icon\">\n\t<div class=\"qodef-m-icon-wrapper\" >\n\t\t\t\t\t<img loading=\"lazy\" decoding=\"async\" width=\"100\" height=\"101\" src=\"https:\/\/internationalwinemore.com\/wp-content\/uploads\/2023\/01\/s-h-img-icon-1.jpg\" class=\"attachment-full size-full\" alt=\"t\" \/>\t\t<\/div>\n\t<div class=\"qodef-m-content\">\n\t\t\t<h6 class=\"qodef-m-title\" >\n\t\t\t\t\t<span class=\"qodef-m-title-text\">Know more products<\/span>\n\t\t\t<\/h6>\n\t\t\t\t\t<p class=\"qodef-m-text\" >Continue making personal visits to wineries in different parts of the world to make contact with their producers, get to know their products and their way of working with them.<\/p>\n\t<\/div>\n<\/div>\n\t\t\t\t<\/div>\n\t\t\t\t<\/div>\n\t\t\t\t\t<\/div>\n\t\t<\/div>\n\t\t\t\t\t<\/div>\n\t\t<\/section>\n\t\t\t\t<section class=\"elementor-section elementor-inner-section elementor-element elementor-element-4182cb6 elementor-section-boxed elementor-section-height-default elementor-section-height-default\" data-id=\"4182cb6\" data-element_type=\"section\" data-e-type=\"section\">\n\t\t\t\t\t\t<div class=\"elementor-container elementor-column-gap-default\">\n\t\t\t\t\t<div class=\"elementor-column elementor-col-33 elementor-inner-column elementor-element elementor-element-973bf6f\" data-id=\"973bf6f\" data-element_type=\"column\" data-e-type=\"column\">\n\t\t\t<div class=\"elementor-widget-wrap elementor-element-populated\">\n\t\t\t\t\t\t<div class=\"elementor-element elementor-element-91903be elementor-widget elementor-widget-chateau_core_icon_with_text\" data-id=\"91903be\" data-element_type=\"widget\" data-e-type=\"widget\" data-widget_type=\"chateau_core_icon_with_text.default\">\n\t\t\t\t<div class=\"elementor-widget-container\">\n\t\t\t\t\t<div class=\"qodef-shortcode qodef-m  qodef-icon-with-text qodef-layout--before-content qodef--custom-icon\">\n\t<div class=\"qodef-m-icon-wrapper\" >\n\t\t\t\t\t<img loading=\"lazy\" decoding=\"async\" width=\"100\" height=\"101\" src=\"https:\/\/internationalwinemore.com\/wp-content\/uploads\/2023\/05\/s-h-img-icon-corcho.png\" class=\"attachment-full size-full\" alt=\"\" \/>\t\t<\/div>\n\t<div class=\"qodef-m-content\">\n\t\t\t<h6 class=\"qodef-m-title\" >\n\t\t\t\t\t<span class=\"qodef-m-title-text\">competitive costs<\/span>\n\t\t\t<\/h6>\n\t\t\t\t\t<p class=\"qodef-m-text\" >Reach the consumer with new products at competitive costs.<\/p>\n\t<\/div>\n<\/div>\n\t\t\t\t<\/div>\n\t\t\t\t<\/div>\n\t\t\t\t\t<\/div>\n\t\t<\/div>\n\t\t\t\t<div class=\"elementor-column elementor-col-33 elementor-inner-column elementor-element elementor-element-27ecd64\" data-id=\"27ecd64\" data-element_type=\"column\" data-e-type=\"column\">\n\t\t\t<div class=\"elementor-widget-wrap elementor-element-populated\">\n\t\t\t\t\t\t<div class=\"elementor-element elementor-element-78e9539 elementor-widget elementor-widget-chateau_core_icon_with_text\" data-id=\"78e9539\" data-element_type=\"widget\" data-e-type=\"widget\" data-widget_type=\"chateau_core_icon_with_text.default\">\n\t\t\t\t<div class=\"elementor-widget-container\">\n\t\t\t\t\t<div class=\"qodef-shortcode qodef-m  qodef-icon-with-text qodef-layout--before-content qodef--custom-icon\">\n\t<div class=\"qodef-m-icon-wrapper\" >\n\t\t\t\t\t<img loading=\"lazy\" decoding=\"async\" width=\"100\" height=\"101\" src=\"https:\/\/internationalwinemore.com\/wp-content\/uploads\/2023\/05\/s-h-img-icon-uva.png\" class=\"attachment-full size-full\" alt=\"\" \/>\t\t<\/div>\n\t<div class=\"qodef-m-content\">\n\t\t\t<h6 class=\"qodef-m-title\" >\n\t\t\t\t\t<span class=\"qodef-m-title-text\">generate interest<\/span>\n\t\t\t<\/h6>\n\t\t\t\t\t<p class=\"qodef-m-text\" >Generate interest in consumers to know new products.<\/p>\n\t<\/div>\n<\/div>\n\t\t\t\t<\/div>\n\t\t\t\t<\/div>\n\t\t\t\t\t<\/div>\n\t\t<\/div>\n\t\t\t\t<div class=\"elementor-column elementor-col-33 elementor-inner-column elementor-element elementor-element-1da5bb9\" data-id=\"1da5bb9\" data-element_type=\"column\" data-e-type=\"column\">\n\t\t\t<div class=\"elementor-widget-wrap elementor-element-populated\">\n\t\t\t\t\t\t<div class=\"elementor-element elementor-element-585bc2c elementor-widget elementor-widget-chateau_core_icon_with_text\" data-id=\"585bc2c\" data-element_type=\"widget\" data-e-type=\"widget\" data-widget_type=\"chateau_core_icon_with_text.default\">\n\t\t\t\t<div class=\"elementor-widget-container\">\n\t\t\t\t\t<div class=\"qodef-shortcode qodef-m  qodef-icon-with-text qodef-layout--before-content qodef--custom-icon\">\n\t<div class=\"qodef-m-icon-wrapper\" >\n\t\t\t\t\t<img loading=\"lazy\" decoding=\"async\" width=\"100\" height=\"101\" src=\"https:\/\/internationalwinemore.com\/wp-content\/uploads\/2023\/01\/s-h-img-icon-2.jpg\" class=\"attachment-full size-full\" alt=\"t\" \/>\t\t<\/div>\n\t<div class=\"qodef-m-content\">\n\t\t\t<h6 class=\"qodef-m-title\" >\n\t\t\t\t\t<span class=\"qodef-m-title-text\">New wineries and producers<\/span>\n\t\t\t<\/h6>\n\t\t\t\t\t<p class=\"qodef-m-text\" >Expand our portfolio, incorporating new wineries and producers from all over the world.<\/p>\n\t<\/div>\n<\/div>\n\t\t\t\t<\/div>\n\t\t\t\t<\/div>\n\t\t\t\t\t<\/div>\n\t\t<\/div>\n\t\t\t\t\t<\/div>\n\t\t<\/section>\n\t\t\t\t\t<\/div>\n\t\t<\/div>\n\t\t\t\t\t<\/div>\n\t\t<\/section>\n\t\t\t\t<\/div>","protected":false},"excerpt":{"rendered":"<p>Qu\u00e9 hacemos con alma, origen e identidad Importamos a la Argentina vinos con alma, con identidad, de calidad inigualable; que representen el terroir de sus respectivas zonas. Vinos de las regiones vitivin\u00edcolas m\u00e1s importantes del mundo, de productores de renombre y altamente considerados por los principales cr\u00edticos y periodistas de la industria. Brindamos al consumidor [&hellip;]<\/p>\n","protected":false},"author":1,"featured_media":0,"parent":0,"menu_order":0,"comment_status":"closed","ping_status":"closed","template":"page-full-width.php","meta":{"footnotes":""},"class_list":["post-10315","page","type-page","status-publish","hentry"],"_links":{"self":[{"href":"https:\/\/internationalwinemore.com\/en\/wp-json\/wp\/v2\/pages\/10315","targetHints":{"allow":["GET"]}}],"collection":[{"href":"https:\/\/internationalwinemore.com\/en\/wp-json\/wp\/v2\/pages"}],"about":[{"href":"https:\/\/internationalwinemore.com\/en\/wp-json\/wp\/v2\/types\/page"}],"author":[{"embeddable":true,"href":"https:\/\/internationalwinemore.com\/en\/wp-json\/wp\/v2\/users\/1"}],"replies":[{"embeddable":true,"href":"https:\/\/internationalwinemore.com\/en\/wp-json\/wp\/v2\/comments?post=10315"}],"version-history":[{"count":34,"href":"https:\/\/internationalwinemore.com\/en\/wp-json\/wp\/v2\/pages\/10315\/revisions"}],"predecessor-version":[{"id":11070,"href":"https:\/\/internationalwinemore.com\/en\/wp-json\/wp\/v2\/pages\/10315\/revisions\/11070"}],"wp:attachment":[{"href":"https:\/\/internationalwinemore.com\/en\/wp-json\/wp\/v2\/media?parent=10315"}],"curies":[{"name":"wp","href":"https:\/\/api.w.org\/{rel}","templated":true}]}}