{"id":10010,"date":"2023-04-24T17:40:22","date_gmt":"2023-04-24T17:40:22","guid":{"rendered":"https:\/\/internationalwinemore.com\/?post_type=product&#038;p=10010"},"modified":"2025-10-02T21:15:13","modified_gmt":"2025-10-02T21:15:13","slug":"2007-chateau-cantenac-brown-margaux","status":"publish","type":"product","link":"https:\/\/internationalwinemore.com\/en\/product\/2007-chateau-cantenac-brown-margaux\/","title":{"rendered":"2007 Chateau Cantenac Brown Margaux"},"content":{"rendered":"<p>&nbsp;<\/p>\n<h1 style=\"text-align: center; color: #000 !important;\"><strong><em>Additional Information<\/em><br \/>\n<\/strong><\/h1>\n<p>&nbsp;<\/p>\n<h6 style=\"text-align: center;\"><span class=\"tlid-translation translation\" lang=\"es\"><span class=\"\" title=\"\">Chateau Cantenac Brown is not a wine to drink young.<\/span> <span class=\"\" title=\"\">The wine is usually too tannic and concentrated in its youth.<\/span> <span class=\"\" title=\"\">Young vintages can be decanted for an average of 2 to 3 hours, more or less.<\/span> <span class=\"\" title=\"\">This allows the wine to soften and open its perfume.<\/span> <span class=\"\" title=\"\">Older vintages may need very little decanting, just enough to remove sediment.<\/span><\/span><\/h6>\n<h6 style=\"text-align: center;\"><span class=\"tlid-translation translation\" lang=\"es\"><span class=\"\" title=\"\"><span title=\"\">The 2007 vintage has notes of earth, truffle, dark red fruits and tobacco.<\/span> Even with a nice color for the harvest, there is sweet and acidic fruit, the wine is medium-bodied, full, soft in texture and ends with a fruity, slightly dry, uncomplicated finish.<\/span><\/span><\/h6>\n<h6 style=\"text-align: center;\"><span class=\"tlid-translation translation\" lang=\"es\"><span class=\"\" title=\"\"><span title=\"\">\u00a0<\/span><\/span><\/span><\/h6>\n<h6 style=\"text-align: center;\"><span class=\"tlid-translation translation\" lang=\"es\"><span class=\"_5yl5\">Chateau Cantenac Brown, Grand Cru Class\u00e9 in 1855. At the beginning of the 19th century, John-Lewis Brown (1769-1851), bought a vineyard and designed in the village of Cantenac, a traditional Tudor-style castle, which reminds him of his Scottish origins . His name is always linked to the Grand Cru Class\u00e9. His grandson, John-Lewis Brown (1829-1890), an esteemed animal painter and &quot;Knight of the Legion of France&quot;, spent time there during his childhood. In 1843, Mr. Gromard, a banker, took charge of the estate. After the Grand Cru classification of 1855, Louis Armand Lalande (1820-1894), Bordeaux winemaker and owner of several properties in the M\u00e9doc, expanded the building. Surrounded by a remarkable British-style park, Ch\u00e2teau Cantenac Brown has since been among the most original in the M\u00e9doc. In 2006, the Simon Halabi family gave new impetus to the estate with the ambition of raising it to the highest levels. Jos\u00e9 Sanfins currently manages Ch\u00e2teau Cantenac-Brown. He does everything possible to bring out the best of the magnificent terroir, lavishing the greatest care on the soil and the vines, with great respect for the environment. This meticulous attention to detail continues in the winery, where everything possible is done to produce exceptional wine.<\/span><\/span><\/h6>\n<h6><\/h6>\n<h6 style=\"text-align: center;\"><span class=\"tlid-translation translation\" lang=\"es\"><span title=\"\">Today, the Ch\u00e2teau Cantenac Brown vineyard covers 42 hectares in the south of the Margaux appellation, mainly in the commune of Cantenac. <span class=\"\" title=\"\">Located in the communes of Arsac, Soussans, Margaux, Cantenac and Labarde, the Margaux appellation terroirs are groups of terraced gravel that guarantee good natural drainage.<\/span> <span class=\"\" title=\"\">Each terroir is different and produces a unique wine.<\/span><\/span><\/span><\/h6>\n<h6 style=\"text-align: center;\"><span class=\"\" title=\"\">The soil of Cantenac Brown is typical Medoc gravel.<\/span> <span class=\"\" title=\"\">This beautiful, sparkling quartz, formerly called \u201cMedoc diamonds,\u201d reflects the sun&#039;s rays onto the grapes during the day and then releases the heat stored during the day to warm the grapes at night.<\/span> <span class=\"\" title=\"\">They produce fine wines, with an intense bouquet, suitable for aging.<\/span> <span class=\"\" title=\"\">The merlot, with which they are blended, provides color, richness and softness.<\/span><\/h6>\n<h4 style=\"text-align: center;\"><span class=\"tlid-translation translation\" lang=\"es\"><span class=\"\" title=\"\">\u00a0<\/span><\/span><\/h4>\n<p>&nbsp;<\/p>","protected":false},"excerpt":{"rendered":"<p style=\"text-align: center;\"><a href=\"https:\/\/internationalwinemore.com\/wp-content\/uploads\/2023\/04\/chateau-margaux.png\"><img decoding=\"async\" class=\"alignnone size-medium wp-image-13622\" src=\"https:\/\/internationalwinemore.com\/wp-content\/uploads\/2023\/04\/chateau-margaux-300x156.png\" alt=\"\" width=\"300\" height=\"156\" srcset=\"https:\/\/internationalwinemore.com\/wp-content\/uploads\/2023\/04\/chateau-margaux-300x156.png 300w, https:\/\/internationalwinemore.com\/wp-content\/uploads\/2023\/04\/chateau-margaux-18x9.png 18w, https:\/\/internationalwinemore.com\/wp-content\/uploads\/2023\/04\/chateau-margaux.png 311w\" sizes=\"(max-width: 300px) 100vw, 300px\" \/><\/a><\/p>\n<p style=\"text-align: center;\"><span class=\"tlid-translation translation\" lang=\"es\"><span title=\"\">Cantenac Brown is usually best with at least 12-15 years of bottle age.<\/span> <span title=\"\">Of course it can vary slightly, depending on the character of the vintage.<\/span> <span class=\"\" title=\"\">Chateau Cantenac Brown is at its best and should reach maximum maturity between 18 and 30 years of age after harvest.<\/span><\/span><\/p>","protected":false},"featured_media":13618,"comment_status":"closed","ping_status":"closed","template":"","meta":[],"product_brand":[],"product_cat":[92,89],"product_tag":[],"class_list":{"0":"post-10010","1":"product","2":"type-product","3":"status-publish","4":"has-post-thumbnail","6":"wc_square_synced-yes","7":"product_cat-bordeaux","8":"product_cat-francia","9":"pa_bodega-chateau-cantenac-brown","10":"pa_cosecha-148","11":"pa_score-103","12":"pa_tipo-de-vino-red-blend","13":"pa_varietal-cabernet-franc","14":"pa_varietal-cabernet-sauvignon","15":"pa_varietal-merlot","17":"first","18":"outofstock","19":"shipping-taxable","20":"purchasable","21":"product-type-simple"},"_links":{"self":[{"href":"https:\/\/internationalwinemore.com\/en\/wp-json\/wp\/v2\/product\/10010","targetHints":{"allow":["GET"]}}],"collection":[{"href":"https:\/\/internationalwinemore.com\/en\/wp-json\/wp\/v2\/product"}],"about":[{"href":"https:\/\/internationalwinemore.com\/en\/wp-json\/wp\/v2\/types\/product"}],"replies":[{"embeddable":true,"href":"https:\/\/internationalwinemore.com\/en\/wp-json\/wp\/v2\/comments?post=10010"}],"wp:featuredmedia":[{"embeddable":true,"href":"https:\/\/internationalwinemore.com\/en\/wp-json\/wp\/v2\/media\/13618"}],"wp:attachment":[{"href":"https:\/\/internationalwinemore.com\/en\/wp-json\/wp\/v2\/media?parent=10010"}],"wp:term":[{"taxonomy":"product_brand","embeddable":true,"href":"https:\/\/internationalwinemore.com\/en\/wp-json\/wp\/v2\/product_brand?post=10010"},{"taxonomy":"product_cat","embeddable":true,"href":"https:\/\/internationalwinemore.com\/en\/wp-json\/wp\/v2\/product_cat?post=10010"},{"taxonomy":"product_tag","embeddable":true,"href":"https:\/\/internationalwinemore.com\/en\/wp-json\/wp\/v2\/product_tag?post=10010"}],"curies":[{"name":"wp","href":"https:\/\/api.w.org\/{rel}","templated":true}]}}