{"id":12042,"date":"2025-05-16T00:02:26","date_gmt":"2025-05-16T00:02:26","guid":{"rendered":"https:\/\/internationalwinemore.com\/?post_type=product&#038;p=12042"},"modified":"2025-05-17T00:03:37","modified_gmt":"2025-05-17T00:03:37","slug":"2009-lopez-de-heredia-vina-tondonia-reserva","status":"publish","type":"product","link":"https:\/\/internationalwinemore.com\/en\/product\/2009-lopez-de-heredia-vina-tondonia-reserva\/","title":{"rendered":"2009 Lopez de Heredia Vi\u00f1a Tondonia Reserva"},"content":{"rendered":"","protected":false},"excerpt":{"rendered":"<p><a href=\"https:\/\/internationalwinemore.com\/wp-content\/uploads\/2025\/05\/vinatondonia2009.jpg\"><img fetchpriority=\"high\" decoding=\"async\" class=\"size-medium wp-image-12043 aligncenter\" src=\"https:\/\/internationalwinemore.com\/wp-content\/uploads\/2025\/05\/vinatondonia2009-274x300.jpg\" alt=\"\" width=\"274\" height=\"300\" srcset=\"https:\/\/internationalwinemore.com\/wp-content\/uploads\/2025\/05\/vinatondonia2009-274x300.jpg 274w, https:\/\/internationalwinemore.com\/wp-content\/uploads\/2025\/05\/vinatondonia2009-936x1024.jpg 936w, https:\/\/internationalwinemore.com\/wp-content\/uploads\/2025\/05\/vinatondonia2009-768x840.jpg 768w, https:\/\/internationalwinemore.com\/wp-content\/uploads\/2025\/05\/vinatondonia2009-11x12.jpg 11w, https:\/\/internationalwinemore.com\/wp-content\/uploads\/2025\/05\/vinatondonia2009-300x328.jpg 300w, https:\/\/internationalwinemore.com\/wp-content\/uploads\/2025\/05\/vinatondonia2009-600x656.jpg 600w, https:\/\/internationalwinemore.com\/wp-content\/uploads\/2025\/05\/vinatondonia2009.jpg 1170w\" sizes=\"(max-width: 274px) 100vw, 274px\" \/><\/a><\/p>\n<p style=\"text-align: center\">If there&#039;s one winery that embodies the concept of Rioja classicism, it&#039;s undoubtedly R. L\u00f3pez de Heredia Vi\u00f1a Tondonia. A unique winery in the world, with an unparalleled production method that&#039;s impervious to trends. Vi\u00f1a Tondonia Reserva 2009 is a great wine crafted with patience. Designed with the winery&#039;s most iconic vineyard (Vi\u00f1a Tondonia), it blends 70% Tempranillo, 20% Garnacha, 10% Graciano, and Mazuelo.<\/p>\n<p style=\"text-align: center\">Founded in 1877, this is the oldest winery in Haro, a municipality recognized as the heart of Rioja wine. The L\u00f3pez Heredia family continues to produce wines there, in their impressive cathedral-like facilities, with underground warehouses where these fine, long-lived wines, embodying the classic Rioja style, rest for years. Four generations of the same family dedicated to achieving masterpieces of craftsmanship and refinement. This Vi\u00f1a Tondonia Reserva 2009 will pair perfectly with all meats, whether beef or poultry.<\/p>","protected":false},"featured_media":12044,"comment_status":"closed","ping_status":"closed","template":"","meta":[],"product_brand":[],"product_cat":[526,86],"product_tag":[],"class_list":{"0":"post-12042","1":"product","2":"type-product","3":"status-publish","4":"has-post-thumbnail","6":"product_cat-d-o-rioja","7":"product_cat-espana","8":"pa_bodega-r-lopez-de-heredia","9":"pa_cosecha-207","10":"pa_score-97-james-suckling","11":"pa_tipo-de-vino-red-blend","12":"pa_varietal-garnacha","13":"pa_varietal-graziano","14":"pa_varietal-mazuelo","15":"pa_varietal-tempranillo","17":"first","18":"instock","19":"shipping-taxable","20":"purchasable","21":"product-type-simple"},"_links":{"self":[{"href":"https:\/\/internationalwinemore.com\/en\/wp-json\/wp\/v2\/product\/12042","targetHints":{"allow":["GET"]}}],"collection":[{"href":"https:\/\/internationalwinemore.com\/en\/wp-json\/wp\/v2\/product"}],"about":[{"href":"https:\/\/internationalwinemore.com\/en\/wp-json\/wp\/v2\/types\/product"}],"replies":[{"embeddable":true,"href":"https:\/\/internationalwinemore.com\/en\/wp-json\/wp\/v2\/comments?post=12042"}],"wp:featuredmedia":[{"embeddable":true,"href":"https:\/\/internationalwinemore.com\/en\/wp-json\/wp\/v2\/media\/12044"}],"wp:attachment":[{"href":"https:\/\/internationalwinemore.com\/en\/wp-json\/wp\/v2\/media?parent=12042"}],"wp:term":[{"taxonomy":"product_brand","embeddable":true,"href":"https:\/\/internationalwinemore.com\/en\/wp-json\/wp\/v2\/product_brand?post=12042"},{"taxonomy":"product_cat","embeddable":true,"href":"https:\/\/internationalwinemore.com\/en\/wp-json\/wp\/v2\/product_cat?post=12042"},{"taxonomy":"product_tag","embeddable":true,"href":"https:\/\/internationalwinemore.com\/en\/wp-json\/wp\/v2\/product_tag?post=12042"}],"curies":[{"name":"wp","href":"https:\/\/api.w.org\/{rel}","templated":true}]}}