{"id":12161,"date":"2025-05-16T22:13:44","date_gmt":"2025-05-16T22:13:44","guid":{"rendered":"https:\/\/internationalwinemore.com\/?post_type=product&#038;p=12161"},"modified":"2025-05-27T16:40:39","modified_gmt":"2025-05-27T16:40:39","slug":"2021-comando-g-rozas-1er-cru-vino-de-paraje","status":"publish","type":"product","link":"https:\/\/internationalwinemore.com\/en\/product\/2021-comando-g-rozas-1er-cru-vino-de-paraje\/","title":{"rendered":"2021 Comando G Rozas 1st Cru Wine from a Single Estate"},"content":{"rendered":"","protected":false},"excerpt":{"rendered":"<p style=\"text-align: center;\"><a href=\"https:\/\/internationalwinemore.com\/wp-content\/uploads\/2025\/05\/comandog.png\"><img fetchpriority=\"high\" decoding=\"async\" class=\"alignnone size-medium wp-image-12157\" src=\"https:\/\/internationalwinemore.com\/wp-content\/uploads\/2025\/05\/comandog-300x232.png\" alt=\"\" width=\"300\" height=\"232\" srcset=\"https:\/\/internationalwinemore.com\/wp-content\/uploads\/2025\/05\/comandog-300x232.png 300w, https:\/\/internationalwinemore.com\/wp-content\/uploads\/2025\/05\/comandog-768x594.png 768w, https:\/\/internationalwinemore.com\/wp-content\/uploads\/2025\/05\/comandog-16x12.png 16w, https:\/\/internationalwinemore.com\/wp-content\/uploads\/2025\/05\/comandog-600x464.png 600w, https:\/\/internationalwinemore.com\/wp-content\/uploads\/2025\/05\/comandog.png 910w\" sizes=\"(max-width: 300px) 100vw, 300px\" \/><\/a><\/p>\n<p>&nbsp;<\/p>\n<div class=\"page-title-wrapper product\"><\/div>\n<div class=\"product-info-price\">\n<div class=\"price-box price-empty_price\" data-role=\"priceBox\" data-product-id=\"75184\" data-price-box=\"product-id-75184\"><\/div>\n<\/div>\n<div id=\"delivery-info\"><\/div>\n<div class=\"product attribute overview\">\n<div class=\"value\">\n<p style=\"text-align: center;\">Rozas 1er Cru is made from old Garnacha vines growing in the Sierra de Gredos at an altitude of approximately 900 meters. A true reflection of what the cooler areas of Gredos have to offer. This wine underwent a longer aging process, six more months in concrete and then in an oak vat to polish the tannins. Pungent flavors and a persistence that defies the wine&#039;s apparent ethereal character. A wine in the purest Burgundian style.<\/p>\n<p style=\"text-align: center;\">One of the latest additions to the Garnacha range from San Mart\u00edn de Valdeiglesias (Madrid) is Comando G, a joint venture promoted by Fernando Garc\u00eda (Bodegas Mara\u00f1ones) and Daniel G\u00f3mez Jim\u00e9nez Landi. The two young winemakers have discovered a unique vineyard, the highest in the Vinos de Madrid DO (between 900 and 1,100 m), near the Sierra de Gredos.<\/p>\n<\/div>\n<\/div>","protected":false},"featured_media":12162,"comment_status":"closed","ping_status":"closed","template":"","meta":[],"product_brand":[],"product_cat":[604,86],"product_tag":[],"class_list":{"0":"post-12161","1":"product","2":"type-product","3":"status-publish","4":"has-post-thumbnail","6":"product_cat-d-o-madrid-sierra-de-gredos","7":"product_cat-espana","8":"pa_bodega-comando-g","9":"pa_cosecha-321","10":"pa_tipo-de-vino-red-wine","11":"pa_varietal-garnacha","13":"first","14":"instock","15":"shipping-taxable","16":"purchasable","17":"product-type-simple"},"_links":{"self":[{"href":"https:\/\/internationalwinemore.com\/en\/wp-json\/wp\/v2\/product\/12161","targetHints":{"allow":["GET"]}}],"collection":[{"href":"https:\/\/internationalwinemore.com\/en\/wp-json\/wp\/v2\/product"}],"about":[{"href":"https:\/\/internationalwinemore.com\/en\/wp-json\/wp\/v2\/types\/product"}],"replies":[{"embeddable":true,"href":"https:\/\/internationalwinemore.com\/en\/wp-json\/wp\/v2\/comments?post=12161"}],"wp:featuredmedia":[{"embeddable":true,"href":"https:\/\/internationalwinemore.com\/en\/wp-json\/wp\/v2\/media\/12162"}],"wp:attachment":[{"href":"https:\/\/internationalwinemore.com\/en\/wp-json\/wp\/v2\/media?parent=12161"}],"wp:term":[{"taxonomy":"product_brand","embeddable":true,"href":"https:\/\/internationalwinemore.com\/en\/wp-json\/wp\/v2\/product_brand?post=12161"},{"taxonomy":"product_cat","embeddable":true,"href":"https:\/\/internationalwinemore.com\/en\/wp-json\/wp\/v2\/product_cat?post=12161"},{"taxonomy":"product_tag","embeddable":true,"href":"https:\/\/internationalwinemore.com\/en\/wp-json\/wp\/v2\/product_tag?post=12161"}],"curies":[{"name":"wp","href":"https:\/\/api.w.org\/{rel}","templated":true}]}}