{"id":12184,"date":"2025-05-16T23:45:57","date_gmt":"2025-05-16T23:45:57","guid":{"rendered":"https:\/\/internationalwinemore.com\/?post_type=product&#038;p=12184"},"modified":"2025-05-27T16:00:52","modified_gmt":"2025-05-27T16:00:52","slug":"2018-cuentavinas-alomado","status":"publish","type":"product","link":"https:\/\/internationalwinemore.com\/en\/product\/2018-cuentavinas-alomado\/","title":{"rendered":"2018 Cuentavi\u00f1as Alomado"},"content":{"rendered":"","protected":false},"excerpt":{"rendered":"<div id=\"delivery-info\" style=\"text-align: center;\"><a href=\"https:\/\/internationalwinemore.com\/wp-content\/uploads\/2025\/05\/cuentavinas.jpg\"><img fetchpriority=\"high\" decoding=\"async\" class=\"alignnone wp-image-12185\" src=\"https:\/\/internationalwinemore.com\/wp-content\/uploads\/2025\/05\/cuentavinas-300x225.jpg\" alt=\"\" width=\"299\" height=\"224\" srcset=\"https:\/\/internationalwinemore.com\/wp-content\/uploads\/2025\/05\/cuentavinas-300x225.jpg 300w, https:\/\/internationalwinemore.com\/wp-content\/uploads\/2025\/05\/cuentavinas-16x12.jpg 16w, https:\/\/internationalwinemore.com\/wp-content\/uploads\/2025\/05\/cuentavinas.jpg 400w\" sizes=\"(max-width: 299px) 100vw, 299px\" \/><\/a><\/div>\n<div class=\"product attribute overview\">\n<div class=\"value\">\n<div class=\"WaaZC\" style=\"text-align: center;\">\n<div data-hveid=\"CAYQAQ\" data-ved=\"2ahUKEwicuZnvg6mNAxUwkJUCHSu1J34Qo_EKegQIBhAB\"><span data-huuid=\"7574373238504847854\">Cuentavi\u00f1as Alomado 2022 is a Rioja red wine made from a vineyard co-planted with Tempranillo, Viura, Malvas\u00eda, and Calagra\u00f1o, located in the San Vicente de la Sonsierra area.\u00a0<\/span><span data-huuid=\"7574373238504848391\">It is a more accessible, &quot;Atlantic&quot; interpretation of a single-vineyard wine, with a production limited to 9,986 bottles.<span class=\"pjBG2e\" data-cid=\"e374a85d-1357-437a-a757-2213480df3ef\"><span class=\"UV3uM\">\u00a0<\/span><\/span><\/span><\/div>\n<div data-hveid=\"CAYQAQ\" data-ved=\"2ahUKEwicuZnvg6mNAxUwkJUCHSu1J34Qo_EKegQIBhAB\">uentavi\u00f1as is a personal project of Eduardo Eguren and his wife Carlota Gonz\u00e1lez, whose objective is to highlight the uniqueness of the ancestral vineyards of the area.<\/div>\n<div data-hveid=\"CAYQAQ\" data-ved=\"2ahUKEwicuZnvg6mNAxUwkJUCHSu1J34Qo_EKegQIBhAB\">\n<p><span data-huuid=\"300666314556915413\">The name &quot;Alomado&quot; refers to the rolling hills that characterize the Sonsierra landscape.<\/span><\/p>\n<p><span data-huuid=\"300666314556914435\">The wine can be enjoyed now or stored for over 10 years.<span class=\"pjBG2e\" data-cid=\"7be200ca-91d4-4495-a303-618a977aba69\"><span class=\"UV3uM\">\u00a0<\/span><\/span><\/span><\/p>\n<ul data-hveid=\"CDgQAQ\" data-ved=\"2ahUKEwjx3dyIlqmNAxVoqZUCHZNoCxoQm_YKegQIOBAB\">\n<li><\/li>\n<\/ul>\n<\/div>\n<\/div>\n<\/div>\n<\/div>","protected":false},"featured_media":12208,"comment_status":"closed","ping_status":"closed","template":"","meta":[],"product_brand":[],"product_cat":[526,86],"product_tag":[],"class_list":{"0":"post-12184","1":"product","2":"type-product","3":"status-publish","4":"has-post-thumbnail","6":"product_cat-d-o-rioja","7":"product_cat-espana","8":"pa_bodega-cuentavinas","9":"pa_cosecha-209","10":"pa_score-91wa","11":"pa_tipo-de-vino-red-blend","12":"pa_varietal-calagrano","13":"pa_varietal-malvasia","14":"pa_varietal-tempranillo","15":"pa_varietal-viura","17":"first","18":"instock","19":"shipping-taxable","20":"purchasable","21":"product-type-simple"},"_links":{"self":[{"href":"https:\/\/internationalwinemore.com\/en\/wp-json\/wp\/v2\/product\/12184","targetHints":{"allow":["GET"]}}],"collection":[{"href":"https:\/\/internationalwinemore.com\/en\/wp-json\/wp\/v2\/product"}],"about":[{"href":"https:\/\/internationalwinemore.com\/en\/wp-json\/wp\/v2\/types\/product"}],"replies":[{"embeddable":true,"href":"https:\/\/internationalwinemore.com\/en\/wp-json\/wp\/v2\/comments?post=12184"}],"wp:featuredmedia":[{"embeddable":true,"href":"https:\/\/internationalwinemore.com\/en\/wp-json\/wp\/v2\/media\/12208"}],"wp:attachment":[{"href":"https:\/\/internationalwinemore.com\/en\/wp-json\/wp\/v2\/media?parent=12184"}],"wp:term":[{"taxonomy":"product_brand","embeddable":true,"href":"https:\/\/internationalwinemore.com\/en\/wp-json\/wp\/v2\/product_brand?post=12184"},{"taxonomy":"product_cat","embeddable":true,"href":"https:\/\/internationalwinemore.com\/en\/wp-json\/wp\/v2\/product_cat?post=12184"},{"taxonomy":"product_tag","embeddable":true,"href":"https:\/\/internationalwinemore.com\/en\/wp-json\/wp\/v2\/product_tag?post=12184"}],"curies":[{"name":"wp","href":"https:\/\/api.w.org\/{rel}","templated":true}]}}