{"id":12214,"date":"2025-05-19T15:18:35","date_gmt":"2025-05-19T15:18:35","guid":{"rendered":"https:\/\/internationalwinemore.com\/?post_type=product&#038;p=12214"},"modified":"2025-09-11T22:46:50","modified_gmt":"2025-09-11T22:46:50","slug":"2021-envinate-la-santa-de-ursula","status":"publish","type":"product","link":"https:\/\/internationalwinemore.com\/en\/product\/2021-envinate-la-santa-de-ursula\/","title":{"rendered":"2021 Env\u00ednate The Saint of Ursula"},"content":{"rendered":"","protected":false},"excerpt":{"rendered":"<div id=\"delivery-info\" style=\"text-align: center;\"><strong><a href=\"https:\/\/internationalwinemore.com\/wp-content\/uploads\/2025\/05\/envinate.png\"><img fetchpriority=\"high\" decoding=\"async\" class=\"alignnone size-full wp-image-12204\" src=\"https:\/\/internationalwinemore.com\/wp-content\/uploads\/2025\/05\/envinate.png\" alt=\"\" width=\"225\" height=\"225\" srcset=\"https:\/\/internationalwinemore.com\/wp-content\/uploads\/2025\/05\/envinate.png 225w, https:\/\/internationalwinemore.com\/wp-content\/uploads\/2025\/05\/envinate-150x150.png 150w, https:\/\/internationalwinemore.com\/wp-content\/uploads\/2025\/05\/envinate-12x12.png 12w, https:\/\/internationalwinemore.com\/wp-content\/uploads\/2025\/05\/envinate-100x100.png 100w\" sizes=\"(max-width: 225px) 100vw, 225px\" \/><\/a><\/strong><\/div>\n<div class=\"product attribute overview\">\n<div class=\"value\">\n<div class=\"WaaZC\" style=\"text-align: center;\">\n<div data-hveid=\"CAYQAQ\" data-ved=\"2ahUKEwicuZnvg6mNAxUwkJUCHSu1J34Qo_EKegQIBhAB\">\n<p><span data-huuid=\"12323271919808796395\">Env\u00ednate La Santa de \u00darsula 2021 is a light and elegant red wine, made with Negramoll and List\u00e1n Negro grapes from the La Corujera region, in northern Tenerife.\u00a0<\/span><span data-huuid=\"12323271919808796204\">It is characterized by its freshness, lightness, and aromas of red fruits, with notes of currant, violet, and blackberry.<\/span><\/p>\n<div class=\"zMgcWd dSKvsb\" data-il=\"\">\n<div data-crb-p=\"\">\n<div class=\"xFTqob\">\n<div class=\"vM0jzc\">\n<p><span data-huuid=\"3070354057152620714\">Fermentation by plots in plastic pots and concrete tanks, with partial carbonic maceration (20% of the wine).\u00a0<\/span><span data-huuid=\"3070354057152620955\">Aged in used 228-liter oak barrels for 8 months.<span class=\"pjBG2e\" data-cid=\"f12cd42d-4a2a-4f1e-b25a-6dc06310ffb8\"><span class=\"UV3uM\">\u00a0<\/span><\/span><\/span><\/p>\n<div class=\"NPrrbc\" data-cid=\"f12cd42d-4a2a-4f1e-b25a-6dc06310ffb8\" data-uuids=\"3070354057152620473,3070354057152620714,3070354057152620955\">\n<div class=\"BMebGe btku5b fCrZyc LwdV0e FR7ZSc qVhvac OJeuxf\" role=\"button\" aria-label=\"See related links\" data-hveid=\"CCMQAQ\" data-ved=\"2ahUKEwjYtPiu6q-NAxXAErkGHW_gF6oQ3fYKegQIIxAB\">\n<div class=\"niO4u\">\n<div class=\"kHtcsd\"><\/div>\n<\/div>\n<\/div>\n<\/div>\n<\/div>\n<div>Ideal for pairing with elegant dishes such as stewed poultry, fatty meats, vegetables, rice and pasta with tasty sauces<\/div>\n<\/div>\n<\/div>\n<div data-crb-p=\"\">\n<div class=\"xFTqob\"><\/div>\n<\/div>\n<\/div>\n<\/div>\n<\/div>\n<\/div>\n<\/div>","protected":false},"featured_media":12284,"comment_status":"closed","ping_status":"closed","template":"","meta":[],"product_brand":[],"product_cat":[615,86],"product_tag":[],"class_list":{"0":"post-12214","1":"product","2":"type-product","3":"status-publish","4":"has-post-thumbnail","6":"product_cat-d-o-valle-de-oratava-tenerife","7":"product_cat-espana","8":"pa_bodega-envinate-2","9":"pa_cosecha-321","10":"pa_score-95wa","11":"pa_tipo-de-vino-red-blend","12":"pa_varietal-listan-blanco","13":"pa_varietal-listan-negro","14":"pa_varietal-negramoll","16":"first","17":"instock","18":"downloadable","19":"shipping-taxable","20":"purchasable","21":"product-type-simple"},"_links":{"self":[{"href":"https:\/\/internationalwinemore.com\/en\/wp-json\/wp\/v2\/product\/12214","targetHints":{"allow":["GET"]}}],"collection":[{"href":"https:\/\/internationalwinemore.com\/en\/wp-json\/wp\/v2\/product"}],"about":[{"href":"https:\/\/internationalwinemore.com\/en\/wp-json\/wp\/v2\/types\/product"}],"replies":[{"embeddable":true,"href":"https:\/\/internationalwinemore.com\/en\/wp-json\/wp\/v2\/comments?post=12214"}],"wp:featuredmedia":[{"embeddable":true,"href":"https:\/\/internationalwinemore.com\/en\/wp-json\/wp\/v2\/media\/12284"}],"wp:attachment":[{"href":"https:\/\/internationalwinemore.com\/en\/wp-json\/wp\/v2\/media?parent=12214"}],"wp:term":[{"taxonomy":"product_brand","embeddable":true,"href":"https:\/\/internationalwinemore.com\/en\/wp-json\/wp\/v2\/product_brand?post=12214"},{"taxonomy":"product_cat","embeddable":true,"href":"https:\/\/internationalwinemore.com\/en\/wp-json\/wp\/v2\/product_cat?post=12214"},{"taxonomy":"product_tag","embeddable":true,"href":"https:\/\/internationalwinemore.com\/en\/wp-json\/wp\/v2\/product_tag?post=12214"}],"curies":[{"name":"wp","href":"https:\/\/api.w.org\/{rel}","templated":true}]}}