{"id":12267,"date":"2025-05-20T21:27:15","date_gmt":"2025-05-20T21:27:15","guid":{"rendered":"https:\/\/internationalwinemore.com\/?post_type=product&#038;p=12267"},"modified":"2025-05-27T16:19:46","modified_gmt":"2025-05-27T16:19:46","slug":"2020-raul-perez-la-vizcaina-las-gundinas","status":"publish","type":"product","link":"https:\/\/internationalwinemore.com\/en\/product\/2020-raul-perez-la-vizcaina-las-gundinas\/","title":{"rendered":"2020 Ra\u00fal P\u00e9rez La Vizcaina \u2013 Las Gundi\u00f1as"},"content":{"rendered":"","protected":false},"excerpt":{"rendered":"<div id=\"delivery-info\" style=\"text-align: center;\"><strong><a href=\"https:\/\/internationalwinemore.com\/wp-content\/uploads\/2025\/05\/raulperez.jpg\"><img fetchpriority=\"high\" decoding=\"async\" class=\"alignnone size-medium wp-image-12259\" src=\"https:\/\/internationalwinemore.com\/wp-content\/uploads\/2025\/05\/raulperez-225x300.jpg\" alt=\"\" width=\"225\" height=\"300\" srcset=\"https:\/\/internationalwinemore.com\/wp-content\/uploads\/2025\/05\/raulperez-225x300.jpg 225w, https:\/\/internationalwinemore.com\/wp-content\/uploads\/2025\/05\/raulperez-9x12.jpg 9w, https:\/\/internationalwinemore.com\/wp-content\/uploads\/2025\/05\/raulperez-300x400.jpg 300w, https:\/\/internationalwinemore.com\/wp-content\/uploads\/2025\/05\/raulperez.jpg 600w\" sizes=\"(max-width: 225px) 100vw, 225px\" \/><\/a><\/strong><\/div>\n<div><\/div>\n<div style=\"text-align: center;\">Ra\u00fal P\u00e9rez presents a blend featuring the Menc\u00eda variety as the main ingredient, complemented in small quantities by three unusual varieties: Batardo, Garnacha Tintorera, and Do\u00f1a Blanca.<\/div>\n<div style=\"text-align: center;\"><a href=\"https:\/\/www.bodeboca.com\/bodegas\/la-vizcaina-vinos\">The Vizca\u00edna of wines<\/a>\u00a0It&#039;s a vineyard located at the bottom of a hillside. All sediment and precipitation collect there, so the soil is very deep, rich in clay, and has a large amount of water, meaning it never runs the risk of dehydration in dry years. The wine is rich, with a rounded profile and quite accessible to everyone.<\/div>\n<div class=\"product attribute overview\">\n<div class=\"value\">\n<div class=\"WaaZC\" style=\"text-align: center;\">\n<div data-hveid=\"CAYQAQ\" data-ved=\"2ahUKEwicuZnvg6mNAxUwkJUCHSu1J34Qo_EKegQIBhAB\">\n<p>&nbsp;<\/p>\n<div class=\"NPrrbc\" data-cid=\"42579d7d-17af-4a35-a922-c5a0723cb7bb\" data-uuids=\"16932218983815446441,16932218983815444426\">\n<div class=\"BMebGe btku5b fCrZyc LwdV0e FR7ZSc qVhvac OJeuxf\" role=\"button\" aria-label=\"See related links\" data-hveid=\"CDQQAQ\" data-ved=\"2ahUKEwjJ59T87LKNAxUGC7kGHbsAA2MQ3fYKegQINBAB\">\n<div class=\"niO4u\">\n<div class=\"kHtcsd\"><\/div>\n<\/div>\n<\/div>\n<\/div>\n<\/div>\n<\/div>\n<\/div>\n<\/div>","protected":false},"featured_media":12268,"comment_status":"closed","ping_status":"closed","template":"","meta":[],"product_brand":[],"product_cat":[628,86],"product_tag":[],"class_list":{"0":"post-12267","1":"product","2":"type-product","3":"status-publish","4":"has-post-thumbnail","6":"product_cat-d-o-bierzo","7":"product_cat-espana","8":"pa_bodega-raul-perez","9":"pa_cosecha-324","10":"pa_score-95rp","11":"pa_tipo-de-vino-red-wine","12":"pa_varietal-mencia","14":"first","15":"instock","16":"downloadable","17":"shipping-taxable","18":"purchasable","19":"product-type-simple"},"_links":{"self":[{"href":"https:\/\/internationalwinemore.com\/en\/wp-json\/wp\/v2\/product\/12267","targetHints":{"allow":["GET"]}}],"collection":[{"href":"https:\/\/internationalwinemore.com\/en\/wp-json\/wp\/v2\/product"}],"about":[{"href":"https:\/\/internationalwinemore.com\/en\/wp-json\/wp\/v2\/types\/product"}],"replies":[{"embeddable":true,"href":"https:\/\/internationalwinemore.com\/en\/wp-json\/wp\/v2\/comments?post=12267"}],"wp:featuredmedia":[{"embeddable":true,"href":"https:\/\/internationalwinemore.com\/en\/wp-json\/wp\/v2\/media\/12268"}],"wp:attachment":[{"href":"https:\/\/internationalwinemore.com\/en\/wp-json\/wp\/v2\/media?parent=12267"}],"wp:term":[{"taxonomy":"product_brand","embeddable":true,"href":"https:\/\/internationalwinemore.com\/en\/wp-json\/wp\/v2\/product_brand?post=12267"},{"taxonomy":"product_cat","embeddable":true,"href":"https:\/\/internationalwinemore.com\/en\/wp-json\/wp\/v2\/product_cat?post=12267"},{"taxonomy":"product_tag","embeddable":true,"href":"https:\/\/internationalwinemore.com\/en\/wp-json\/wp\/v2\/product_tag?post=12267"}],"curies":[{"name":"wp","href":"https:\/\/api.w.org\/{rel}","templated":true}]}}