{"id":12287,"date":"2025-05-20T23:27:23","date_gmt":"2025-05-20T23:27:23","guid":{"rendered":"https:\/\/internationalwinemore.com\/?post_type=product&#038;p=12287"},"modified":"2025-05-27T16:21:48","modified_gmt":"2025-05-27T16:21:48","slug":"2020-raul-perez-la-vizcaina-la-poulosa","status":"publish","type":"product","link":"https:\/\/internationalwinemore.com\/en\/product\/2020-raul-perez-la-vizcaina-la-poulosa\/","title":{"rendered":"2020 Ra\u00fal P\u00e9rez La Vizcaina \u2013 La Poulosa"},"content":{"rendered":"","protected":false},"excerpt":{"rendered":"<div id=\"delivery-info\" style=\"text-align: center;\"><strong><a href=\"https:\/\/internationalwinemore.com\/wp-content\/uploads\/2025\/05\/raulperez.jpg\"><img fetchpriority=\"high\" decoding=\"async\" class=\"alignnone size-medium wp-image-12259\" src=\"https:\/\/internationalwinemore.com\/wp-content\/uploads\/2025\/05\/raulperez-225x300.jpg\" alt=\"\" width=\"225\" height=\"300\" srcset=\"https:\/\/internationalwinemore.com\/wp-content\/uploads\/2025\/05\/raulperez-225x300.jpg 225w, https:\/\/internationalwinemore.com\/wp-content\/uploads\/2025\/05\/raulperez-9x12.jpg 9w, https:\/\/internationalwinemore.com\/wp-content\/uploads\/2025\/05\/raulperez-300x400.jpg 300w, https:\/\/internationalwinemore.com\/wp-content\/uploads\/2025\/05\/raulperez.jpg 600w\" sizes=\"(max-width: 225px) 100vw, 225px\" \/><\/a><\/strong><\/div>\n<div><\/div>\n<div style=\"text-align: center;\"><span data-huuid=\"14421387497611537652\">La Vizca\u00edna La Poulosa, from the Ra\u00fal P\u00e9rez winery, is a red wine from the Bierzo Designation of Origin, made with old vines over 50 years old in the village of Valtuille de Abajo.\u00a0<\/span><span data-huuid=\"14421387497611536165\">It is a tribute to Ra\u00fal P\u00e9rez&#039;s father and C\u00e9sar M\u00e1rquez&#039;s grandfather, and is characterized by being a fresh wine, with notes of red fruit, herbs, and minerals.<span class=\"pjBG2e\" data-cid=\"c090454a-f948-429c-a69f-6af9fc661fe6\"><span class=\"UV3uM\">\u00a0<\/span><\/span><\/span><\/div>\n<div><\/div>","protected":false},"featured_media":12291,"comment_status":"closed","ping_status":"closed","template":"","meta":[],"product_brand":[],"product_cat":[628,86],"product_tag":[],"class_list":{"0":"post-12287","1":"product","2":"type-product","3":"status-publish","4":"has-post-thumbnail","6":"product_cat-d-o-bierzo","7":"product_cat-espana","8":"pa_bodega-raul-perez","9":"pa_cosecha-324","10":"pa_score-94rp","11":"pa_tipo-de-vino-red-wine","12":"pa_varietal-mencia","14":"first","15":"instock","16":"downloadable","17":"shipping-taxable","18":"purchasable","19":"product-type-simple"},"_links":{"self":[{"href":"https:\/\/internationalwinemore.com\/en\/wp-json\/wp\/v2\/product\/12287","targetHints":{"allow":["GET"]}}],"collection":[{"href":"https:\/\/internationalwinemore.com\/en\/wp-json\/wp\/v2\/product"}],"about":[{"href":"https:\/\/internationalwinemore.com\/en\/wp-json\/wp\/v2\/types\/product"}],"replies":[{"embeddable":true,"href":"https:\/\/internationalwinemore.com\/en\/wp-json\/wp\/v2\/comments?post=12287"}],"wp:featuredmedia":[{"embeddable":true,"href":"https:\/\/internationalwinemore.com\/en\/wp-json\/wp\/v2\/media\/12291"}],"wp:attachment":[{"href":"https:\/\/internationalwinemore.com\/en\/wp-json\/wp\/v2\/media?parent=12287"}],"wp:term":[{"taxonomy":"product_brand","embeddable":true,"href":"https:\/\/internationalwinemore.com\/en\/wp-json\/wp\/v2\/product_brand?post=12287"},{"taxonomy":"product_cat","embeddable":true,"href":"https:\/\/internationalwinemore.com\/en\/wp-json\/wp\/v2\/product_cat?post=12287"},{"taxonomy":"product_tag","embeddable":true,"href":"https:\/\/internationalwinemore.com\/en\/wp-json\/wp\/v2\/product_tag?post=12287"}],"curies":[{"name":"wp","href":"https:\/\/api.w.org\/{rel}","templated":true}]}}