{"id":12606,"date":"2025-06-02T13:58:46","date_gmt":"2025-06-02T13:58:46","guid":{"rendered":"https:\/\/internationalwinemore.com\/?post_type=product&#038;p=12606"},"modified":"2025-06-02T16:46:15","modified_gmt":"2025-06-02T16:46:15","slug":"2022-maison-skyaasen-bourgogne-aligote","status":"publish","type":"product","link":"https:\/\/internationalwinemore.com\/en\/product\/2022-maison-skyaasen-bourgogne-aligote\/","title":{"rendered":"2022 Maison Skyaasen Bourgogne Aligote"},"content":{"rendered":"","protected":false},"excerpt":{"rendered":"<p><a href=\"https:\/\/internationalwinemore.com\/wp-content\/uploads\/2025\/06\/Maison-Skyaasen.png\"><img fetchpriority=\"high\" decoding=\"async\" class=\"size-medium wp-image-12612 aligncenter\" src=\"https:\/\/internationalwinemore.com\/wp-content\/uploads\/2025\/06\/Maison-Skyaasen-300x300.png\" alt=\"\" width=\"300\" height=\"300\" srcset=\"https:\/\/internationalwinemore.com\/wp-content\/uploads\/2025\/06\/Maison-Skyaasen-300x300.png 300w, https:\/\/internationalwinemore.com\/wp-content\/uploads\/2025\/06\/Maison-Skyaasen-150x150.png 150w, https:\/\/internationalwinemore.com\/wp-content\/uploads\/2025\/06\/Maison-Skyaasen-768x768.png 768w, https:\/\/internationalwinemore.com\/wp-content\/uploads\/2025\/06\/Maison-Skyaasen-12x12.png 12w, https:\/\/internationalwinemore.com\/wp-content\/uploads\/2025\/06\/Maison-Skyaasen-650x650.png 650w, https:\/\/internationalwinemore.com\/wp-content\/uploads\/2025\/06\/Maison-Skyaasen-600x600.png 600w, https:\/\/internationalwinemore.com\/wp-content\/uploads\/2025\/06\/Maison-Skyaasen-100x100.png 100w, https:\/\/internationalwinemore.com\/wp-content\/uploads\/2025\/06\/Maison-Skyaasen.png 1000w\" sizes=\"(max-width: 300px) 100vw, 300px\" \/><\/a><\/p>\n<div id=\"tw-container\" class=\"nev7se\" data-cp=\"1\" data-nnttsvi=\"1\" data-ntl-fpwrite=\"true\" data-sletp=\"false\" data-sm=\"1\" data-ssbp=\"false\" data-sugg-time=\"500\" data-sugg-url=\"https:\/\/clients1.google.com\/complete\/search\" data-uilc=\"es-419\" data-vil=\",af,af-ZA,am,am-ET,ar-EG,ar-AE,ar-KW,ar-QA,ar,ar-IL,ar-JO,ar-LB,ar-PS,az,az-AZ,bg,bg-BG,bn,bn-BD,bn-IN,ca,ca-es,cs,cs-CZ,de,de-DE,de-CH,de-AT,de-LI,en,en-US,en-CA,en-AU,en-NZ,en-GB,en-IN,en-KE,en-TZ,en-NG,en-GH,en-PH,en-ZA,es,es-ES,es-AR,es-UY,es-419,es-BO,es-CL,es-CR,es-CO,es-DO,es-EC,es-GT,es-HN,es-NI,es-PA,es-PE,es-PR,es-PY,es-SV,es-VE,es-MX,es-US,eu,eu-ES,fi,fi-FI,fr,fr-FR,fr-CH,fr-BE,gl,gl-ES,gu,gu-IN,he,he-IL,iw,iw-IL,hu,hu-HU,hy,hy-AM,id,id-ID,is,is-IS,it,it-IT,it-CH,ja,ja-JP,jv,jv-ID,ka,ka-GE,km,km-KH,kn,kn-IN,ko,ko-KR,la,lo,lo-LA,lv,lv-LV,ml,ml-IN,mr,mr-IN,ms,ms-MY,nl,nl-NL,nb,nb-NO,ne,ne-NP,pl,pl-PL,pt,pt-BR,pt-PT,ro,ro-RO,ru,ru-RU,si-LK,sk,sk-SK,sr,sr-RS,su,su-ID,sv,sv-SE,sw,sw-TZ,sw-KE,ta,ta-IN,ta-SG,ta-LK,ta-MY,te,te-IN,tr,tr-TR,ur,ur-PK,ur-IN,yue,yue-HK,yue-Hant-HK,zh-HK,zh,zh-CN,zh-cmn,zh-cmn-CN,zh-Hans,zh-Hans-CN,zh-cmn-Hans,zh-cmn-Hans-CN,cmn-CN,cmn-Hans,cmn-Hans-CN,zh-TW,zh-Hant-TW,cmn-TW,cmn-Hant-TW,zh-cmn-TW,zh-cmn-Hant-TW,zu,zu-ZA,hi,hi-IN,tl,tl-PH,pa,pa-IN\">\n<div>\n<div>\n<div id=\"tw-ob\" class=\"tw-src-ltr\">\n<div class=\"oSioSc\">\n<div id=\"tw-target\">\n<div id=\"kAz1tf\" class=\"g9WsWb PZPZlf\" data-attrid=\"tw-targetArea\" data-entityname=\"Google Translate\">\n<div id=\"tw-target-text-container\" class=\"tw-ta-container tw-nfl\" tabindex=\"0\" role=\"text\">\n<p><span lang=\"es\" style=\"color: #000000;\">Maison Skyaasen is a micro-business project by Joachim and Olivia Skyaasen in Mersault, Burgundy. Wine became a passion for Joachim in the late 2000s, and although he discovered numerous wines from all over the world, he developed a special affinity for the traditions, culture, and history of Burgundy.<\/span><\/p>\n<div id=\"tw-container\" class=\"nev7se\" data-cp=\"1\" data-nnttsvi=\"1\" data-ntl-fpwrite=\"true\" data-sletp=\"false\" data-sm=\"1\" data-ssbp=\"false\" data-sugg-time=\"500\" data-sugg-url=\"https:\/\/clients1.google.com\/complete\/search\" data-uilc=\"es-419\" data-vil=\",af,af-ZA,am,am-ET,ar-EG,ar-AE,ar-KW,ar-QA,ar,ar-IL,ar-JO,ar-LB,ar-PS,az,az-AZ,bg,bg-BG,bn,bn-BD,bn-IN,ca,ca-es,cs,cs-CZ,de,de-DE,de-CH,de-AT,de-LI,en,en-US,en-CA,en-AU,en-NZ,en-GB,en-IN,en-KE,en-TZ,en-NG,en-GH,en-PH,en-ZA,es,es-ES,es-AR,es-UY,es-419,es-BO,es-CL,es-CR,es-CO,es-DO,es-EC,es-GT,es-HN,es-NI,es-PA,es-PE,es-PR,es-PY,es-SV,es-VE,es-MX,es-US,eu,eu-ES,fi,fi-FI,fr,fr-FR,fr-CH,fr-BE,gl,gl-ES,gu,gu-IN,he,he-IL,iw,iw-IL,hu,hu-HU,hy,hy-AM,id,id-ID,is,is-IS,it,it-IT,it-CH,ja,ja-JP,jv,jv-ID,ka,ka-GE,km,km-KH,kn,kn-IN,ko,ko-KR,la,lo,lo-LA,lv,lv-LV,ml,ml-IN,mr,mr-IN,ms,ms-MY,nl,nl-NL,nb,nb-NO,ne,ne-NP,pl,pl-PL,pt,pt-BR,pt-PT,ro,ro-RO,ru,ru-RU,si-LK,sk,sk-SK,sr,sr-RS,su,su-ID,sv,sv-SE,sw,sw-TZ,sw-KE,ta,ta-IN,ta-SG,ta-LK,ta-MY,te,te-IN,tr,tr-TR,ur,ur-PK,ur-IN,yue,yue-HK,yue-Hant-HK,zh-HK,zh,zh-CN,zh-cmn,zh-cmn-CN,zh-Hans,zh-Hans-CN,zh-cmn-Hans,zh-cmn-Hans-CN,cmn-CN,cmn-Hans,cmn-Hans-CN,zh-TW,zh-Hant-TW,cmn-TW,cmn-Hant-TW,zh-cmn-TW,zh-cmn-Hant-TW,zu,zu-ZA,hi,hi-IN,tl,tl-PH,pa,pa-IN\">\n<div>\n<div>\n<div id=\"tw-target\">\n<div id=\"kAz1tf\" data-attrid=\"tw-targetArea\" data-entityname=\"Google Translate\">\n<div id=\"tw-target-text-container\" tabindex=\"0\" role=\"text\">\n<p id=\"tw-target-text\" dir=\"ltr\" style=\"text-align: center;\" data-placeholder=\"Traducci\u00f3n\" data-ved=\"2ahUKEwjV3oTNlNONAxXurpUCHZC9Jz8Q3ewLegQICRAV\" aria-label=\"Texto traducido: Maison Skyaasen es un proyecto de microempresa de Joachim y Olivia Skyaasen en Mersault, Borgo\u00f1a. El vino se convirti\u00f3 en una afici\u00f3n para Joachim a finales de la d\u00e9cada del 2000, y aunque conoci\u00f3 numerosos vinos de todas partes, desarroll\u00f3 una especial afinidad por las tradiciones, la cultura y la historia de Borgo\u00f1a.Tras varios viajes tur\u00edsticos y siguiendo de cerca el floreciente panorama de j\u00f3venes vinicultores de empresas, decidi\u00f3 ir a cosechar en 2017 con el productor local Nick Harbour, una experiencia que cambiar\u00eda por completo su vida y la de su familia. Esto desencaden\u00f3 una serie de acontecimientos que incluyeron dejar su anterior carrera en finanzas, mudarse a Borgo\u00f1a, matricularse en la escuela de viticultura y enolog\u00eda, conseguir un empleo en la finca biodin\u00e1mica Chandon de Briailles y, por supuesto, el inicio de su propia aventura vitivin\u00edcola. Su primera cosecha fue la de 2017, donde produjo solo una barrica de Savigny-Les-Beaune, y se expandi\u00f3 lentamente en 2019 con la incorporaci\u00f3n de otras denominaciones de origen.La trayectoria de Joachim como en\u00f3logo es absolutamente asombrosa e incre\u00edblemente impresionante al catar estas tres cosechas. R\u00e1pidamente se dio cuenta del estilo de vino que quer\u00eda crear y, a partir de su segunda cosecha, pas\u00f3 a trabajar principalmente con vinificaciones de racimos enteros, extracciones muy suaves, sin adici\u00f3n de sulfitos, sin correcciones, clarificaci\u00f3n ni filtraci\u00f3n.Sus vinos son absolutamente excepcionales a pesar de la relativa juventud de su proyecto, y nos sentimos honrados de incorporarlos en una etapa tan temprana.\"><span lang=\"es\" style=\"color: #000000;\">After several tourist trips and closely following the burgeoning scene of young corporate winemakers, he decided to harvest in 2017 with local producer Nick Harbour, an experience that would completely change his life and that of his family. This triggered a series of events that included leaving his previous career in finance, moving to Burgundy, enrolling in viticulture and oenology school, landing a job at the biodynamic Chandon de Briailles estate, and, of course, the start of his own winemaking adventure. His first vintage was 2017, where he produced just one barrel of Savigny-Les-Beaune, and he slowly expanded in 2019 with the addition of other appellations. Joachim&#039;s journey as a winemaker is absolutely astounding and incredibly impressive when tasting these three vintages. He quickly realized the style of wine he wanted to create, and starting with his second harvest, he switched to working primarily with whole-bunch vinifications, very gentle extractions, no sulfite additions, no corrections, no clarifications, and no filtration. His wines are absolutely exceptional despite the relative infancy of his project, and we are honored to bring them on board at such an early stage.<\/span><\/p>\n<p dir=\"ltr\" style=\"text-align: center;\" data-placeholder=\"Traducci\u00f3n\" data-ved=\"2ahUKEwjV3oTNlNONAxXurpUCHZC9Jz8Q3ewLegQICRAV\" aria-label=\"Texto traducido: Maison Skyaasen es un proyecto de microempresa de Joachim y Olivia Skyaasen en Mersault, Borgo\u00f1a. El vino se convirti\u00f3 en una afici\u00f3n para Joachim a finales de la d\u00e9cada del 2000, y aunque conoci\u00f3 numerosos vinos de todas partes, desarroll\u00f3 una especial afinidad por las tradiciones, la cultura y la historia de Borgo\u00f1a.Tras varios viajes tur\u00edsticos y siguiendo de cerca el floreciente panorama de j\u00f3venes vinicultores de empresas, decidi\u00f3 ir a cosechar en 2017 con el productor local Nick Harbour, una experiencia que cambiar\u00eda por completo su vida y la de su familia. Esto desencaden\u00f3 una serie de acontecimientos que incluyeron dejar su anterior carrera en finanzas, mudarse a Borgo\u00f1a, matricularse en la escuela de viticultura y enolog\u00eda, conseguir un empleo en la finca biodin\u00e1mica Chandon de Briailles y, por supuesto, el inicio de su propia aventura vitivin\u00edcola. Su primera cosecha fue la de 2017, donde produjo solo una barrica de Savigny-Les-Beaune, y se expandi\u00f3 lentamente en 2019 con la incorporaci\u00f3n de otras denominaciones de origen.La trayectoria de Joachim como en\u00f3logo es absolutamente asombrosa e incre\u00edblemente impresionante al catar estas tres cosechas. R\u00e1pidamente se dio cuenta del estilo de vino que quer\u00eda crear y, a partir de su segunda cosecha, pas\u00f3 a trabajar principalmente con vinificaciones de racimos enteros, extracciones muy suaves, sin adici\u00f3n de sulfitos, sin correcciones, clarificaci\u00f3n ni filtraci\u00f3n.Sus vinos son absolutamente excepcionales a pesar de la relativa juventud de su proyecto, y nos sentimos honrados de incorporarlos en una etapa tan temprana.\"><span style=\"color: #000000;\">Joachim de Aligot\u00e9&#039;s first release firmly places it among the region&#039;s finest. Light and tense, yet generous in flavor, with great persistence and a lovely mineral finish with soft notes of nuts.<\/span><\/p>\n<\/div>\n<pre id=\"tw-target-rmn\" dir=\"ltr\" data-placeholder=\"\"><\/pre>\n<div>\n<p id=\"tw-tmenu\" style=\"text-align: center;\">\n<\/div>\n<\/div>\n<\/div>\n<\/div>\n<div>\n<div><\/div>\n<\/div>\n<\/div>\n<\/div>\n<div class=\"KFFQ0c xKf9F\"><\/div>\n<\/div>\n<\/div>\n<\/div>\n<\/div>\n<\/div>\n<\/div>\n<\/div>\n<\/div>\n<div class=\"KFFQ0c xKf9F\">\n<div id=\"tw-container\" class=\"nev7se\" data-cp=\"1\" data-nnttsvi=\"1\" data-ntl-fpwrite=\"true\" data-sletp=\"false\" data-sm=\"1\" data-ssbp=\"false\" data-sugg-time=\"500\" data-sugg-url=\"https:\/\/clients1.google.com\/complete\/search\" data-uilc=\"es-419\" data-vil=\",af,af-ZA,am,am-ET,ar-EG,ar-AE,ar-KW,ar-QA,ar,ar-IL,ar-JO,ar-LB,ar-PS,az,az-AZ,bg,bg-BG,bn,bn-BD,bn-IN,ca,ca-es,cs,cs-CZ,de,de-DE,de-CH,de-AT,de-LI,en,en-US,en-CA,en-AU,en-NZ,en-GB,en-IN,en-KE,en-TZ,en-NG,en-GH,en-PH,en-ZA,es,es-ES,es-AR,es-UY,es-419,es-BO,es-CL,es-CR,es-CO,es-DO,es-EC,es-GT,es-HN,es-NI,es-PA,es-PE,es-PR,es-PY,es-SV,es-VE,es-MX,es-US,eu,eu-ES,fi,fi-FI,fr,fr-FR,fr-CH,fr-BE,gl,gl-ES,gu,gu-IN,he,he-IL,iw,iw-IL,hu,hu-HU,hy,hy-AM,id,id-ID,is,is-IS,it,it-IT,it-CH,ja,ja-JP,jv,jv-ID,ka,ka-GE,km,km-KH,kn,kn-IN,ko,ko-KR,la,lo,lo-LA,lv,lv-LV,ml,ml-IN,mr,mr-IN,ms,ms-MY,nl,nl-NL,nb,nb-NO,ne,ne-NP,pl,pl-PL,pt,pt-BR,pt-PT,ro,ro-RO,ru,ru-RU,si-LK,sk,sk-SK,sr,sr-RS,su,su-ID,sv,sv-SE,sw,sw-TZ,sw-KE,ta,ta-IN,ta-SG,ta-LK,ta-MY,te,te-IN,tr,tr-TR,ur,ur-PK,ur-IN,yue,yue-HK,yue-Hant-HK,zh-HK,zh,zh-CN,zh-cmn,zh-cmn-CN,zh-Hans,zh-Hans-CN,zh-cmn-Hans,zh-cmn-Hans-CN,cmn-CN,cmn-Hans,cmn-Hans-CN,zh-TW,zh-Hant-TW,cmn-TW,cmn-Hant-TW,zh-cmn-TW,zh-cmn-Hant-TW,zu,zu-ZA,hi,hi-IN,tl,tl-PH,pa,pa-IN\">\n<div>\n<div>\n<div id=\"tw-images\"><\/div>\n<div class=\"dURPtb\"><\/div>\n<div>\n<div><\/div>\n<\/div>\n<\/div>\n<\/div>\n<\/div>\n<div class=\"KFFQ0c xKf9F\"><\/div>\n<\/div>","protected":false},"featured_media":12611,"comment_status":"closed","ping_status":"closed","template":"","meta":[],"product_brand":[],"product_cat":[708,131,89],"product_tag":[],"class_list":{"0":"post-12606","1":"product","2":"type-product","3":"status-publish","4":"has-post-thumbnail","6":"product_cat-aligote-aoc","7":"product_cat-burgundy","8":"product_cat-francia","9":"pa_bodega-maison-skyaasen","10":"pa_tipo-de-vino-white-wine","11":"pa_varietal-aligote","13":"first","14":"instock","15":"downloadable","16":"shipping-taxable","17":"purchasable","18":"product-type-simple"},"_links":{"self":[{"href":"https:\/\/internationalwinemore.com\/en\/wp-json\/wp\/v2\/product\/12606","targetHints":{"allow":["GET"]}}],"collection":[{"href":"https:\/\/internationalwinemore.com\/en\/wp-json\/wp\/v2\/product"}],"about":[{"href":"https:\/\/internationalwinemore.com\/en\/wp-json\/wp\/v2\/types\/product"}],"replies":[{"embeddable":true,"href":"https:\/\/internationalwinemore.com\/en\/wp-json\/wp\/v2\/comments?post=12606"}],"wp:featuredmedia":[{"embeddable":true,"href":"https:\/\/internationalwinemore.com\/en\/wp-json\/wp\/v2\/media\/12611"}],"wp:attachment":[{"href":"https:\/\/internationalwinemore.com\/en\/wp-json\/wp\/v2\/media?parent=12606"}],"wp:term":[{"taxonomy":"product_brand","embeddable":true,"href":"https:\/\/internationalwinemore.com\/en\/wp-json\/wp\/v2\/product_brand?post=12606"},{"taxonomy":"product_cat","embeddable":true,"href":"https:\/\/internationalwinemore.com\/en\/wp-json\/wp\/v2\/product_cat?post=12606"},{"taxonomy":"product_tag","embeddable":true,"href":"https:\/\/internationalwinemore.com\/en\/wp-json\/wp\/v2\/product_tag?post=12606"}],"curies":[{"name":"wp","href":"https:\/\/api.w.org\/{rel}","templated":true}]}}