{"id":12694,"date":"2025-06-09T17:38:11","date_gmt":"2025-06-09T17:38:11","guid":{"rendered":"https:\/\/internationalwinemore.com\/?post_type=product&#038;p=12694"},"modified":"2026-01-31T18:38:19","modified_gmt":"2026-01-31T18:38:19","slug":"2019-domaine-jean-grivot-vosne-romanee","status":"publish","type":"product","link":"https:\/\/internationalwinemore.com\/en\/product\/2019-domaine-jean-grivot-vosne-romanee\/","title":{"rendered":"2019 Domaine Jean Grivot Vosne-Romanee"},"content":{"rendered":"","protected":false},"excerpt":{"rendered":"<p><a href=\"https:\/\/internationalwinemore.com\/wp-content\/uploads\/2025\/06\/LOGO-GRIVOT.png\"><img fetchpriority=\"high\" decoding=\"async\" class=\"alignnone size-full wp-image-12695 aligncenter\" src=\"https:\/\/internationalwinemore.com\/wp-content\/uploads\/2025\/06\/LOGO-GRIVOT.png\" alt=\"\" width=\"225\" height=\"225\" srcset=\"https:\/\/internationalwinemore.com\/wp-content\/uploads\/2025\/06\/LOGO-GRIVOT.png 225w, https:\/\/internationalwinemore.com\/wp-content\/uploads\/2025\/06\/LOGO-GRIVOT-150x150.png 150w, https:\/\/internationalwinemore.com\/wp-content\/uploads\/2025\/06\/LOGO-GRIVOT-12x12.png 12w, https:\/\/internationalwinemore.com\/wp-content\/uploads\/2025\/06\/LOGO-GRIVOT-100x100.png 100w\" sizes=\"(max-width: 225px) 100vw, 225px\" \/><\/a><\/p>\n<p style=\"text-align: center;\">Domaine Jean Grivot is one of the great names in Burgundy wine. \u00c9tienne Grivot and his wife Marielle (sister of Patrick Bize) succeeded \u00c9tienne&#039;s father, Jean Grivot, in 1987. The Grivot family believes in generational change, and in 2017, Mathilde, \u00c9tienne and Marielle&#039;s daughter, replaced her parents. Mathilde brings an innovative approach while maintaining the long-standing Grivot family tradition.<\/p>","protected":false},"featured_media":12697,"comment_status":"closed","ping_status":"closed","template":"","meta":[],"product_brand":[],"product_cat":[131,89,723],"product_tag":[],"class_list":{"0":"post-12694","1":"product","2":"type-product","3":"status-publish","4":"has-post-thumbnail","6":"product_cat-burgundy","7":"product_cat-francia","8":"product_cat-vosne-romanee-aoc","9":"pa_bodega-domaine-jean-grivot","10":"pa_tipo-de-vino-red-wine","11":"pa_varietal-pinot-noir","13":"first","14":"outofstock","15":"downloadable","16":"shipping-taxable","17":"purchasable","18":"product-type-simple"},"_links":{"self":[{"href":"https:\/\/internationalwinemore.com\/en\/wp-json\/wp\/v2\/product\/12694","targetHints":{"allow":["GET"]}}],"collection":[{"href":"https:\/\/internationalwinemore.com\/en\/wp-json\/wp\/v2\/product"}],"about":[{"href":"https:\/\/internationalwinemore.com\/en\/wp-json\/wp\/v2\/types\/product"}],"replies":[{"embeddable":true,"href":"https:\/\/internationalwinemore.com\/en\/wp-json\/wp\/v2\/comments?post=12694"}],"wp:featuredmedia":[{"embeddable":true,"href":"https:\/\/internationalwinemore.com\/en\/wp-json\/wp\/v2\/media\/12697"}],"wp:attachment":[{"href":"https:\/\/internationalwinemore.com\/en\/wp-json\/wp\/v2\/media?parent=12694"}],"wp:term":[{"taxonomy":"product_brand","embeddable":true,"href":"https:\/\/internationalwinemore.com\/en\/wp-json\/wp\/v2\/product_brand?post=12694"},{"taxonomy":"product_cat","embeddable":true,"href":"https:\/\/internationalwinemore.com\/en\/wp-json\/wp\/v2\/product_cat?post=12694"},{"taxonomy":"product_tag","embeddable":true,"href":"https:\/\/internationalwinemore.com\/en\/wp-json\/wp\/v2\/product_tag?post=12694"}],"curies":[{"name":"wp","href":"https:\/\/api.w.org\/{rel}","templated":true}]}}