{"id":12892,"date":"2025-06-26T21:30:34","date_gmt":"2025-06-26T21:30:34","guid":{"rendered":"https:\/\/internationalwinemore.com\/?post_type=product&#038;p=12892"},"modified":"2025-06-26T21:35:52","modified_gmt":"2025-06-26T21:35:52","slug":"2019-marcel-lapierre-morgon-cuvee-camille-1-5l-magnum","status":"publish","type":"product","link":"https:\/\/internationalwinemore.com\/en\/product\/2019-marcel-lapierre-morgon-cuvee-camille-1-5l-magnum\/","title":{"rendered":"2019 Marcel Lapierre Morgon Cuvee Camille 1.5l magnum"},"content":{"rendered":"","protected":false},"excerpt":{"rendered":"<p>&nbsp;<\/p>\n<p id=\"tw-target-text\" class=\"tw-data-text tw-text-large tw-ta\" dir=\"ltr\" style=\"text-align: center;\" data-placeholder=\"Traducci\u00f3n\" data-ved=\"2ahUKEwjKmK68-I-OAxXRqZUCHWNBL80Q3ewLegQICRAV\" aria-label=\"Translated text: Our Morgon C\u00f4te du Py comes from very old, southeast-facing plots rich in schist, decomposed granite, and hard bluestone, located at an altitude of 250 meters above sea level. The wine is aged in old oak barrels, called &quot;500L demi-muids,&quot; located in the cellar of our building, for 12 months to achieve its fullness and maturity.\"><a href=\"https:\/\/internationalwinemore.com\/wp-content\/uploads\/2025\/06\/Marcel-Lapierre.png\"><img decoding=\"async\" class=\"alignnone size-medium wp-image-12880\" src=\"https:\/\/internationalwinemore.com\/wp-content\/uploads\/2025\/06\/Marcel-Lapierre-300x113.png\" alt=\"\" width=\"300\" height=\"113\" srcset=\"https:\/\/internationalwinemore.com\/wp-content\/uploads\/2025\/06\/Marcel-Lapierre-300x113.png 300w, https:\/\/internationalwinemore.com\/wp-content\/uploads\/2025\/06\/Marcel-Lapierre-18x7.png 18w, https:\/\/internationalwinemore.com\/wp-content\/uploads\/2025\/06\/Marcel-Lapierre.png 542w\" sizes=\"(max-width: 300px) 100vw, 300px\" \/><\/a><\/p>\n<p style=\"text-align: center;\">Domaine Lapierre is located in Villi\u00e9-Morgon, in Beaujolais. A family business for three generations, grandfather Michel Lapierre moved to Villi\u00e9-Morgon at the turn of the century as cellar master at the Domaine des Ch\u00eanes. After World War II, his son succeeded him. He then sought to develop barrel sales to bistros in Lyon and M\u00e2con. In the late 1950s, he began selling his production in bottles and expanded the operation by purchasing some plots.<\/p>\n<p style=\"text-align: center;\">In 1973, with a clientele forged by his father, Marcel Lapierre took over the estate, which then covered 7 hectares. It was in 1981, under the direction of Jules Chauvet, a well-known and renowned researcher at the Universities of California, that Marcel Lapierre decided to make wine without sulfur or yeast and to cultivate his vines biodynamically: without chemical fertilizers or herbicides. Today, despite his passing, the estate&#039;s energy remains intact. The vineyard, planted entirely with Gamay grapes (with an average age of 70 years), now covers 16.5 hectares.<\/p>\n<p style=\"text-align: center;\">Cuv\u00e9e Camille has been crafted by Camille Lapierre since 2014. The Gamay wine undergoes a traditional Beaujolais semi-carbonic maceration in truncated wooden vats. The wine is aged for nine months in 216-liter barrels.<\/p>\n<p dir=\"ltr\" style=\"text-align: center;\" data-placeholder=\"Traducci\u00f3n\" data-ved=\"2ahUKEwi3huKlk42OAxUPr5UCHWMQPWgQ3ewLegQIChAV\" aria-label=\"Translated text: The &quot;lieu dit,&quot; or vineyard with its own name, of Pisse Vieille offers numerous advantages. This 22-hectare plot, facing south, is located at an altitude of between 400 and 500 meters above sea level. The clay, calcareous, and decomposed granite soil is ideal for growing vines. It is the only &quot;lieu dit&quot; officially recognized by the INAO within the 1,200 hectares of the Brouilly appellation, which extends across six Beaujolais communes around Mont Brouilly.\"><span data-huuid=\"17618161327799714465\"><span class=\"pjBG2e\" data-cid=\"6c78b206-532c-4cf4-b613-3abdca379908\"><span class=\"UV3uM\"><br \/>\n1.5L MAGNUM.<\/span><\/span><\/span><\/p>","protected":false},"featured_media":12893,"comment_status":"closed","ping_status":"closed","template":"","meta":[],"product_brand":[],"product_cat":[131,89,756],"product_tag":[],"class_list":{"0":"post-12892","1":"product","2":"type-product","3":"status-publish","4":"has-post-thumbnail","6":"product_cat-burgundy","7":"product_cat-francia","8":"product_cat-morgon-aoc-beaujolais","9":"pa_bodega-marcel-lapierre","10":"pa_tipo-de-vino-red-wine","11":"pa_varietal-gamay","13":"first","14":"instock","15":"downloadable","16":"shipping-taxable","17":"purchasable","18":"product-type-simple"},"_links":{"self":[{"href":"https:\/\/internationalwinemore.com\/en\/wp-json\/wp\/v2\/product\/12892","targetHints":{"allow":["GET"]}}],"collection":[{"href":"https:\/\/internationalwinemore.com\/en\/wp-json\/wp\/v2\/product"}],"about":[{"href":"https:\/\/internationalwinemore.com\/en\/wp-json\/wp\/v2\/types\/product"}],"replies":[{"embeddable":true,"href":"https:\/\/internationalwinemore.com\/en\/wp-json\/wp\/v2\/comments?post=12892"}],"wp:featuredmedia":[{"embeddable":true,"href":"https:\/\/internationalwinemore.com\/en\/wp-json\/wp\/v2\/media\/12893"}],"wp:attachment":[{"href":"https:\/\/internationalwinemore.com\/en\/wp-json\/wp\/v2\/media?parent=12892"}],"wp:term":[{"taxonomy":"product_brand","embeddable":true,"href":"https:\/\/internationalwinemore.com\/en\/wp-json\/wp\/v2\/product_brand?post=12892"},{"taxonomy":"product_cat","embeddable":true,"href":"https:\/\/internationalwinemore.com\/en\/wp-json\/wp\/v2\/product_cat?post=12892"},{"taxonomy":"product_tag","embeddable":true,"href":"https:\/\/internationalwinemore.com\/en\/wp-json\/wp\/v2\/product_tag?post=12892"}],"curies":[{"name":"wp","href":"https:\/\/api.w.org\/{rel}","templated":true}]}}