{"id":13050,"date":"2025-07-06T19:03:19","date_gmt":"2025-07-06T19:03:19","guid":{"rendered":"https:\/\/internationalwinemore.com\/?post_type=product&#038;p=13050"},"modified":"2025-07-06T19:33:14","modified_gmt":"2025-07-06T19:33:14","slug":"2009-michel-chapoutier-de-loree","status":"publish","type":"product","link":"https:\/\/internationalwinemore.com\/en\/product\/2009-michel-chapoutier-de-loree\/","title":{"rendered":"2009 Michel Chapoutier By L&#039;Or\u00e9e"},"content":{"rendered":"","protected":false},"excerpt":{"rendered":"<p><a href=\"https:\/\/internationalwinemore.com\/wp-content\/uploads\/2025\/07\/Michel-Chapoutier.png\"><img fetchpriority=\"high\" decoding=\"async\" class=\"size-full wp-image-13041 aligncenter\" src=\"https:\/\/internationalwinemore.com\/wp-content\/uploads\/2025\/07\/Michel-Chapoutier.png\" alt=\"\" width=\"225\" height=\"225\" srcset=\"https:\/\/internationalwinemore.com\/wp-content\/uploads\/2025\/07\/Michel-Chapoutier.png 225w, https:\/\/internationalwinemore.com\/wp-content\/uploads\/2025\/07\/Michel-Chapoutier-150x150.png 150w, https:\/\/internationalwinemore.com\/wp-content\/uploads\/2025\/07\/Michel-Chapoutier-12x12.png 12w, https:\/\/internationalwinemore.com\/wp-content\/uploads\/2025\/07\/Michel-Chapoutier-100x100.png 100w\" sizes=\"(max-width: 225px) 100vw, 225px\" \/><\/a><\/p>\n<p id=\"tw-target-text\" class=\"tw-data-text tw-text-large tw-ta\" dir=\"ltr\" style=\"text-align: center;\" data-placeholder=\"Traducci\u00f3n\" data-ved=\"2ahUKEwi0q4r89aiOAxWirZUCHf42JwQQ3ewLegQICRAV\" aria-label=\"The 2009 Ermitage Cuv\u00e9e de l&#039;Or\u00e9e comes from the prestigious Chapoutier cellars, a name synonymous with wines of the utmost integrity and exceptional quality. The legendary 2009 Rh\u00f4ne vintage elevates Chapoutier&#039;s distinguished pedigree to a whole new level. A fascinating study in complexity and subtlety, this wine is a testament to the impeccable viticultural savoir-faire of the prestigious Chapoutier house.\"><span class=\"Y2IQFc\" lang=\"es\">The 2009 Ermitage Cuv\u00e9e de l&#039;Or\u00e9e comes from the prestigious Chapoutier estate, a name synonymous with wines of the utmost integrity and exceptional quality. The legendary 2009 Rh\u00f4ne vintage elevates Chapoutier&#039;s distinguished pedigree to a whole new level. A fascinating study in complexity and subtlety, this wine is a testament to the impeccable viticultural expertise of the prestigious Chapoutier family.<\/span><\/p>\n<p dir=\"ltr\" style=\"text-align: center;\" data-placeholder=\"Traducci\u00f3n\" data-ved=\"2ahUKEwi0q4r89aiOAxWirZUCHf42JwQQ3ewLegQICRAV\" aria-label=\"The 2009 Ermitage Cuv\u00e9e de l&#039;Or\u00e9e comes from the prestigious Chapoutier cellars, a name synonymous with wines of the utmost integrity and exceptional quality. The legendary 2009 Rh\u00f4ne vintage elevates Chapoutier&#039;s distinguished pedigree to a whole new level. A fascinating study in complexity and subtlety, this wine is a testament to the impeccable viticultural savoir-faire of the prestigious Chapoutier house.\">Imbued with the characteristic sensitivity of the Rh\u00f4ne, the 2009 Ermitage Cuv\u00e9e de l&#039;Or\u00e9e unfolds a heady symphony of flavors. On the nose, evocative notes of ripe fruit are revealed, enhanced by complex nuances of vanilla and exotic spices. A deeper exploration reveals a palate imbued with soft, honeyed textures and citrus notes, reinforcing its grandeur and ensuring absolute balance. Lingering on the finish, its gentle nuances of meringue elegantly seal this extraordinary tasting experience.<\/p>\n<p dir=\"ltr\" data-placeholder=\"Traducci\u00f3n\" data-ved=\"2ahUKEwi0q4r89aiOAxWirZUCHf42JwQQ3ewLegQICRAV\" aria-label=\"The 2009 Ermitage Cuv\u00e9e de l&#039;Or\u00e9e comes from the prestigious Chapoutier cellars, a name synonymous with wines of the utmost integrity and exceptional quality. The legendary 2009 Rh\u00f4ne vintage elevates Chapoutier&#039;s distinguished pedigree to a whole new level. A fascinating study in complexity and subtlety, this wine is a testament to the impeccable viticultural savoir-faire of the prestigious Chapoutier house.\">","protected":false},"featured_media":13053,"comment_status":"closed","ping_status":"closed","template":"","meta":[],"product_brand":[],"product_cat":[786,89],"product_tag":[],"class_list":{"0":"post-13050","1":"product","2":"type-product","3":"status-publish","4":"has-post-thumbnail","6":"product_cat-ermitage-rhone","7":"product_cat-francia","8":"pa_bodega-michel-chapoutier","9":"pa_score-100wa","10":"pa_tipo-de-vino-white-wine","11":"pa_varietal-marsanne","13":"first","14":"instock","15":"downloadable","16":"shipping-taxable","17":"purchasable","18":"product-type-simple"},"_links":{"self":[{"href":"https:\/\/internationalwinemore.com\/en\/wp-json\/wp\/v2\/product\/13050","targetHints":{"allow":["GET"]}}],"collection":[{"href":"https:\/\/internationalwinemore.com\/en\/wp-json\/wp\/v2\/product"}],"about":[{"href":"https:\/\/internationalwinemore.com\/en\/wp-json\/wp\/v2\/types\/product"}],"replies":[{"embeddable":true,"href":"https:\/\/internationalwinemore.com\/en\/wp-json\/wp\/v2\/comments?post=13050"}],"wp:featuredmedia":[{"embeddable":true,"href":"https:\/\/internationalwinemore.com\/en\/wp-json\/wp\/v2\/media\/13053"}],"wp:attachment":[{"href":"https:\/\/internationalwinemore.com\/en\/wp-json\/wp\/v2\/media?parent=13050"}],"wp:term":[{"taxonomy":"product_brand","embeddable":true,"href":"https:\/\/internationalwinemore.com\/en\/wp-json\/wp\/v2\/product_brand?post=13050"},{"taxonomy":"product_cat","embeddable":true,"href":"https:\/\/internationalwinemore.com\/en\/wp-json\/wp\/v2\/product_cat?post=13050"},{"taxonomy":"product_tag","embeddable":true,"href":"https:\/\/internationalwinemore.com\/en\/wp-json\/wp\/v2\/product_tag?post=13050"}],"curies":[{"name":"wp","href":"https:\/\/api.w.org\/{rel}","templated":true}]}}