{"id":13286,"date":"2025-08-21T00:12:19","date_gmt":"2025-08-21T00:12:19","guid":{"rendered":"https:\/\/internationalwinemore.com\/?post_type=product&#038;p=13286"},"modified":"2025-08-21T00:58:32","modified_gmt":"2025-08-21T00:58:32","slug":"2017-livio-felluga-pinot-grigio","status":"publish","type":"product","link":"https:\/\/internationalwinemore.com\/en\/product\/2017-livio-felluga-pinot-grigio\/","title":{"rendered":"2017 Livio Felluga Pinot Grigio"},"content":{"rendered":"","protected":false},"excerpt":{"rendered":"<p><a href=\"https:\/\/internationalwinemore.com\/wp-content\/uploads\/2025\/08\/Livio-Felluga.jpeg\"><img decoding=\"async\" class=\"size-full wp-image-13287 aligncenter\" src=\"https:\/\/internationalwinemore.com\/wp-content\/uploads\/2025\/08\/Livio-Felluga.jpeg\" alt=\"\" width=\"262\" height=\"148\" srcset=\"https:\/\/internationalwinemore.com\/wp-content\/uploads\/2025\/08\/Livio-Felluga.jpeg 262w, https:\/\/internationalwinemore.com\/wp-content\/uploads\/2025\/08\/Livio-Felluga-18x10.jpeg 18w\" sizes=\"(max-width: 262px) 100vw, 262px\" \/><\/a><\/p>\n<p>&nbsp;<\/p>\n<p>&nbsp;<\/p>\n<div id=\"tw-container\" class=\"nev7se\" data-cp=\"1\" data-nnttsvi=\"1\" data-sletp=\"false\" data-sm=\"1\" data-ssbp=\"false\" data-sugg-time=\"500\" data-sugg-url=\"https:\/\/clients1.google.com\/complete\/search\" data-uilc=\"es-419\" data-vil=\",af,af-ZA,am,am-ET,ar-EG,ar-AE,ar-KW,ar-QA,ar,ar-IL,ar-JO,ar-LB,ar-PS,az,az-AZ,bg,bg-BG,bn,bn-BD,bn-IN,ca,ca-es,cs,cs-CZ,de,de-DE,de-CH,de-AT,de-LI,en,en-US,en-CA,en-AU,en-NZ,en-GB,en-IN,en-KE,en-TZ,en-NG,en-GH,en-PH,en-ZA,es,es-ES,es-AR,es-UY,es-419,es-BO,es-CL,es-CR,es-CO,es-DO,es-EC,es-GT,es-HN,es-NI,es-PA,es-PE,es-PR,es-PY,es-SV,es-VE,es-MX,es-US,eu,eu-ES,fi,fi-FI,fr,fr-FR,fr-CH,fr-BE,gl,gl-ES,gu,gu-IN,he,he-IL,iw,iw-IL,hu,hu-HU,hy,hy-AM,id,id-ID,is,is-IS,it,it-IT,it-CH,ja,ja-JP,jv,jv-ID,ka,ka-GE,km,km-KH,kn,kn-IN,ko,ko-KR,la,lo,lo-LA,lv,lv-LV,ml,ml-IN,mr,mr-IN,ms,ms-MY,nl,nl-NL,nb,nb-NO,ne,ne-NP,pl,pl-PL,pt,pt-BR,pt-PT,ro,ro-RO,ru,ru-RU,si-LK,sk,sk-SK,sr,sr-RS,su,su-ID,sv,sv-SE,sw,sw-TZ,sw-KE,ta,ta-IN,ta-SG,ta-LK,ta-MY,te,te-IN,tr,tr-TR,ur,ur-PK,ur-IN,yue,yue-HK,yue-Hant-HK,zh-HK,zh,zh-CN,zh-cmn,zh-cmn-CN,zh-Hans,zh-Hans-CN,zh-cmn-Hans,zh-cmn-Hans-CN,cmn-CN,cmn-Hans,cmn-Hans-CN,zh-TW,zh-Hant-TW,cmn-TW,cmn-Hant-TW,zh-cmn-TW,zh-cmn-Hant-TW,zu,zu-ZA,hi,hi-IN,tl,tl-PH,pa,pa-IN\">\n<div>\n<div>\n<div id=\"tw-ob\" class=\"tw-src-ltr\">\n<div class=\"oSioSc\">\n<div id=\"tw-target\">\n<div id=\"kAz1tf\" class=\"g9WsWb PZPZlf\" data-attrid=\"tw-targetArea\" data-entityname=\"Google Translate\">\n<div id=\"tw-target-text-container\" class=\"tw-ta-container tw-nfl\" tabindex=\"0\" role=\"text\">\n<p id=\"tw-target-text\" class=\"tw-data-text tw-text-large tw-ta\" dir=\"ltr\" style=\"text-align: center;\" data-placeholder=\"Traducci\u00f3n\" data-ved=\"2ahUKEwjZqf_o15qPAxXurJUCHXlRHvYQ3ewLegQIChAV\" aria-label=\"Bright yellow in color, this wine offers rich, complex aromas of orange blossom, daisy, white wisteria, apricot, peach, white melon, and yellow peach. The sweet sensations of custard and cr\u00e8me br\u00fbl\u00e9e combine perfectly with the freshness of citrus fruits. On the palate, it is complex, fresh, and velvety, with notes of pineapple, melon, nashi pear, yellow peach, and sweet pastry evoking the nose. The finish is fresh, intense, and very persistent, with citrus fruits, white fruit, and pleasant savory notes. It pairs especially well with fish, shellfish, risottos, and baked vegetables.\"><span class=\"Y2IQFc\" lang=\"es\">Bright yellow in color, this wine offers rich, complex aromas of orange blossom, daisy, white wisteria, apricot, peach, white melon, and yellow peach. Sweet sensations of custard and cr\u00e8me br\u00fbl\u00e9e blend perfectly with the freshness of citrus fruits. On the palate, it is complex, fresh, and velvety, with notes of pineapple, melon, nashi pear, yellow peach, and sweet pastry evoking the nose. The finish is fresh, intense, and very persistent, with citrus fruits, white fruit, and pleasant savory notes. It pairs especially well with fish, shellfish, risottos, and baked vegetables.<\/span><\/p>\n<\/div>\n<div id=\"tw-target-rmn-container\" class=\"tw-target-rmn tw-ta-container tw-nfl\" tabindex=\"0\" role=\"text\">\n<pre id=\"tw-target-rmn\" class=\"tw-data-placeholder tw-text-small tw-ta\" dir=\"ltr\" data-placeholder=\"\"><\/pre>\n<\/div>\n<div class=\"iYB33c\">\n<div id=\"tw-tmenu\" class=\"tw-menu\"><\/div>\n<\/div>\n<\/div>\n<\/div>\n<\/div>\n<\/div>\n<div id=\"tw-images\"><\/div>\n<div class=\"dURPtb\"><\/div>\n<div>\n<div><\/div>\n<\/div>\n<\/div>\n<\/div>\n<\/div>\n<div class=\"KFFQ0c xKf9F\"><\/div>","protected":false},"featured_media":13288,"comment_status":"closed","ping_status":"closed","template":"","meta":[],"product_brand":[],"product_cat":[78],"product_tag":[],"class_list":{"0":"post-13286","1":"product","2":"type-product","3":"status-publish","4":"has-post-thumbnail","6":"product_cat-italia","7":"pa_bodega-livio-felluga","8":"pa_score-92js","9":"pa_tipo-de-vino-white-wine","10":"pa_varietal-pinot-grigio","12":"first","13":"instock","14":"downloadable","15":"shipping-taxable","16":"purchasable","17":"product-type-simple"},"_links":{"self":[{"href":"https:\/\/internationalwinemore.com\/en\/wp-json\/wp\/v2\/product\/13286","targetHints":{"allow":["GET"]}}],"collection":[{"href":"https:\/\/internationalwinemore.com\/en\/wp-json\/wp\/v2\/product"}],"about":[{"href":"https:\/\/internationalwinemore.com\/en\/wp-json\/wp\/v2\/types\/product"}],"replies":[{"embeddable":true,"href":"https:\/\/internationalwinemore.com\/en\/wp-json\/wp\/v2\/comments?post=13286"}],"wp:featuredmedia":[{"embeddable":true,"href":"https:\/\/internationalwinemore.com\/en\/wp-json\/wp\/v2\/media\/13288"}],"wp:attachment":[{"href":"https:\/\/internationalwinemore.com\/en\/wp-json\/wp\/v2\/media?parent=13286"}],"wp:term":[{"taxonomy":"product_brand","embeddable":true,"href":"https:\/\/internationalwinemore.com\/en\/wp-json\/wp\/v2\/product_brand?post=13286"},{"taxonomy":"product_cat","embeddable":true,"href":"https:\/\/internationalwinemore.com\/en\/wp-json\/wp\/v2\/product_cat?post=13286"},{"taxonomy":"product_tag","embeddable":true,"href":"https:\/\/internationalwinemore.com\/en\/wp-json\/wp\/v2\/product_tag?post=13286"}],"curies":[{"name":"wp","href":"https:\/\/api.w.org\/{rel}","templated":true}]}}